{"id":1262,"date":"2020-10-26T14:47:59","date_gmt":"2020-10-26T13:47:59","guid":{"rendered":"http:\/\/preenpail-saintjoseph.fr\/?page_id=1262"},"modified":"2022-10-21T07:11:12","modified_gmt":"2022-10-21T06:11:12","slug":"maternelle-cp","status":"publish","type":"page","link":"https:\/\/preenpail-saintjoseph.fr\/index.php\/maternelle-cp\/","title":{"rendered":"Cycle 1 : maternelle PS-MS-GS"},"content":{"rendered":"\n<h2 class=\"wp-block-heading\">Sortie au cin\u00e9ma<\/h2>\n\n\n\n<p>Les enfants de la classe maternelle se sont rendus jeudi 13 octobre au cin\u00e9ma \u00e0 Saint Pierres des Nids. Nous sommes all\u00e9s voir \u201cles petits contes de la nuit\u201d. Ce sont 6 petits courts m\u00e9trage sur le th\u00e8me de la nuit et du sommeil. Les enfants ont appr\u00e9ci\u00e9 et sont rest\u00e9s tr\u00e8s silencieux et attentifs lors de la projection. Cette sortie a \u00e9t\u00e9 en partie financ\u00e9e par l \u2018APEL. En classe nous avons fait appel \u00e0 notre m\u00e9moire pour r\u00e9sumer les 6 courts m\u00e9trages et chaque enfant a pu choisir son conte pr\u00e9f\u00e9r\u00e9. L\u2019histoire de la tortue qui voulait dormir et Monsieur Papier qui ont connu le plus grand succ\u00e8s aupr\u00e8s des \u00e9l\u00e8ves.<\/p>\n\n\n\n<figure class=\"wp-block-image size-full\"><a href=\"http:\/\/preenpail-saintjoseph.fr\/wp-content\/uploads\/311244420_986317039436578_1525668577484294171_n.jpg\"><img loading=\"lazy\" decoding=\"async\" width=\"640\" height=\"479\" src=\"http:\/\/preenpail-saintjoseph.fr\/wp-content\/uploads\/311244420_986317039436578_1525668577484294171_n.jpg\" alt=\"\" class=\"wp-image-2406\" srcset=\"https:\/\/preenpail-saintjoseph.fr\/wp-content\/uploads\/311244420_986317039436578_1525668577484294171_n.jpg 640w, https:\/\/preenpail-saintjoseph.fr\/wp-content\/uploads\/311244420_986317039436578_1525668577484294171_n-300x225.jpg 300w\" sizes=\"auto, (max-width: 640px) 100vw, 640px\" \/><\/a><figcaption>Les enfants sont en place et attendent le d\u00e9but de la projection.<br><a href=\"http:\/\/preenpail-saintjoseph.fr\/wp-content\/uploads\/311988350_502584645091721_8225675627202214425_n-1.jpg\"><\/a><\/figcaption><\/figure>\n\n\n\n<figure class=\"wp-block-image size-full\"><a href=\"http:\/\/preenpail-saintjoseph.fr\/wp-content\/uploads\/311988350_502584645091721_8225675627202214425_n-2.jpg\"><img loading=\"lazy\" decoding=\"async\" width=\"640\" height=\"480\" src=\"http:\/\/preenpail-saintjoseph.fr\/wp-content\/uploads\/311988350_502584645091721_8225675627202214425_n-2.jpg\" alt=\"\" class=\"wp-image-2407\" srcset=\"https:\/\/preenpail-saintjoseph.fr\/wp-content\/uploads\/311988350_502584645091721_8225675627202214425_n-2.jpg 640w, https:\/\/preenpail-saintjoseph.fr\/wp-content\/uploads\/311988350_502584645091721_8225675627202214425_n-2-300x225.jpg 300w\" sizes=\"auto, (max-width: 640px) 100vw, 640px\" \/><\/a><figcaption>En classe les \u00e9l\u00e8ves font comme Monsieur Papier. Ils r\u00e9alisent donc des objets et des v\u00eatements avec des morceaux de papier qu\u2019il d\u00e9coupent.<\/figcaption><\/figure>\n\n\n\n<h2 class=\"wp-block-heading\"><strong>Un musicien dans notre classe<\/strong>.<\/h2>\n\n\n\n<p> Les enfants ont pu assister jeudi 19 juin \u00e0 une intervention en classe d &#8216;un saxophoniste. Il est venu avec deux saxophones (un avec un son plus aigu et un avec un son plus grave) pour partager la fin de journ\u00e9e avec nous. Ils \u00e9taient tous curieux et attentifs pendant cette pr\u00e9sentation. Merci encore \u00e0 Matthieu Donarier pour ce beau moment.<\/p>\n\n\n\n<div class=\"wp-block-columns is-layout-flex wp-container-core-columns-is-layout-9d6595d7 wp-block-columns-is-layout-flex\">\n<div class=\"wp-block-column is-layout-flow wp-block-column-is-layout-flow\">\n<figure class=\"wp-block-image size-full\"><a href=\"http:\/\/preenpail-saintjoseph.fr\/wp-content\/uploads\/284518744_5055427141161156_8638250113423425297_n.jpg\"><img loading=\"lazy\" decoding=\"async\" width=\"640\" height=\"480\" src=\"http:\/\/preenpail-saintjoseph.fr\/wp-content\/uploads\/284518744_5055427141161156_8638250113423425297_n.jpg\" alt=\"\" class=\"wp-image-2048\" srcset=\"https:\/\/preenpail-saintjoseph.fr\/wp-content\/uploads\/284518744_5055427141161156_8638250113423425297_n.jpg 640w, https:\/\/preenpail-saintjoseph.fr\/wp-content\/uploads\/284518744_5055427141161156_8638250113423425297_n-300x225.jpg 300w\" sizes=\"auto, (max-width: 640px) 100vw, 640px\" \/><\/a><\/figure>\n<\/div>\n\n\n\n<div class=\"wp-block-column is-layout-flow wp-block-column-is-layout-flow\">\n<figure class=\"wp-block-image size-full\"><a href=\"http:\/\/preenpail-saintjoseph.fr\/wp-content\/uploads\/284222555_589682719254457_4902247543189669631_n.jpg\"><img loading=\"lazy\" decoding=\"async\" width=\"640\" height=\"480\" src=\"http:\/\/preenpail-saintjoseph.fr\/wp-content\/uploads\/284222555_589682719254457_4902247543189669631_n.jpg\" alt=\"\" class=\"wp-image-2047\" srcset=\"https:\/\/preenpail-saintjoseph.fr\/wp-content\/uploads\/284222555_589682719254457_4902247543189669631_n.jpg 640w, https:\/\/preenpail-saintjoseph.fr\/wp-content\/uploads\/284222555_589682719254457_4902247543189669631_n-300x225.jpg 300w\" sizes=\"auto, (max-width: 640px) 100vw, 640px\" \/><\/a><\/figure>\n<\/div>\n\n\n\n<div class=\"wp-block-column is-layout-flow wp-block-column-is-layout-flow\">\n<figure class=\"wp-block-image size-full\"><a href=\"http:\/\/preenpail-saintjoseph.fr\/wp-content\/uploads\/284332544_1075590936386095_996761320911878379_n.jpg\"><img loading=\"lazy\" decoding=\"async\" width=\"640\" height=\"480\" src=\"http:\/\/preenpail-saintjoseph.fr\/wp-content\/uploads\/284332544_1075590936386095_996761320911878379_n.jpg\" alt=\"\" class=\"wp-image-2046\" srcset=\"https:\/\/preenpail-saintjoseph.fr\/wp-content\/uploads\/284332544_1075590936386095_996761320911878379_n.jpg 640w, https:\/\/preenpail-saintjoseph.fr\/wp-content\/uploads\/284332544_1075590936386095_996761320911878379_n-300x225.jpg 300w\" sizes=\"auto, (max-width: 640px) 100vw, 640px\" \/><\/a><\/figure>\n<\/div>\n<\/div>\n\n\n\n<h2 class=\"wp-block-heading\">Une sortie en for\u00eat.<\/h2>\n\n\n\n<p>Aujourd&#8217;hui Jeudi 19 mai les enfants poursuivent la d\u00e9couverte de la nature avec Jean Bastien. Nous \u00e9tions \u00e0 St Anne de Champfr\u00e9mont pour une matin\u00e9e pleine de d\u00e9couverte.<\/p>\n\n\n\n<figure class=\"wp-block-gallery has-nested-images columns-default is-cropped wp-block-gallery-1 is-layout-flex wp-block-gallery-is-layout-flex\">\n<figure class=\"wp-block-image size-large\"><a href=\"http:\/\/preenpail-saintjoseph.fr\/wp-content\/uploads\/280748478_419178669711747_6276468791236843415_n.jpg\"><img loading=\"lazy\" decoding=\"async\" width=\"640\" height=\"480\" data-id=\"2036\" src=\"http:\/\/preenpail-saintjoseph.fr\/wp-content\/uploads\/280748478_419178669711747_6276468791236843415_n.jpg\" alt=\"\" class=\"wp-image-2036\" srcset=\"https:\/\/preenpail-saintjoseph.fr\/wp-content\/uploads\/280748478_419178669711747_6276468791236843415_n.jpg 640w, https:\/\/preenpail-saintjoseph.fr\/wp-content\/uploads\/280748478_419178669711747_6276468791236843415_n-300x225.jpg 300w\" sizes=\"auto, (max-width: 640px) 100vw, 640px\" \/><\/a><figcaption>Une petite pause dans le verger. <\/figcaption><\/figure>\n\n\n\n<figure class=\"wp-block-image size-large\"><a href=\"http:\/\/preenpail-saintjoseph.fr\/wp-content\/uploads\/280764233_721067869206345_2079917713584743448_n.jpg\"><img loading=\"lazy\" decoding=\"async\" width=\"640\" height=\"480\" data-id=\"2037\" src=\"http:\/\/preenpail-saintjoseph.fr\/wp-content\/uploads\/280764233_721067869206345_2079917713584743448_n.jpg\" alt=\"\" class=\"wp-image-2037\" srcset=\"https:\/\/preenpail-saintjoseph.fr\/wp-content\/uploads\/280764233_721067869206345_2079917713584743448_n.jpg 640w, https:\/\/preenpail-saintjoseph.fr\/wp-content\/uploads\/280764233_721067869206345_2079917713584743448_n-300x225.jpg 300w\" sizes=\"auto, (max-width: 640px) 100vw, 640px\" \/><\/a><figcaption>Dans le chemin les enfants sont \u00e0 l&#8217;\u00e9coute de leurs sens.<\/figcaption><\/figure>\n\n\n\n<figure class=\"wp-block-image size-large\"><a href=\"http:\/\/preenpail-saintjoseph.fr\/wp-content\/uploads\/280782304_699418027802994_8145030128892546451_n.jpg\"><img loading=\"lazy\" decoding=\"async\" width=\"640\" height=\"480\" data-id=\"2038\" src=\"http:\/\/preenpail-saintjoseph.fr\/wp-content\/uploads\/280782304_699418027802994_8145030128892546451_n.jpg\" alt=\"\" class=\"wp-image-2038\" srcset=\"https:\/\/preenpail-saintjoseph.fr\/wp-content\/uploads\/280782304_699418027802994_8145030128892546451_n.jpg 640w, https:\/\/preenpail-saintjoseph.fr\/wp-content\/uploads\/280782304_699418027802994_8145030128892546451_n-300x225.jpg 300w\" sizes=\"auto, (max-width: 640px) 100vw, 640px\" \/><\/a><figcaption>Les enfants sont \u00e0 l&#8217;abri et regardent les cartes de Jean-Bastien.<\/figcaption><\/figure>\n\n\n\n<figure class=\"wp-block-image size-large\"><a href=\"http:\/\/preenpail-saintjoseph.fr\/wp-content\/uploads\/280907547_335447581946874_5369869664242501972_n.jpg\"><img loading=\"lazy\" decoding=\"async\" width=\"640\" height=\"853\" data-id=\"2039\" src=\"http:\/\/preenpail-saintjoseph.fr\/wp-content\/uploads\/280907547_335447581946874_5369869664242501972_n.jpg\" alt=\"\" class=\"wp-image-2039\" srcset=\"https:\/\/preenpail-saintjoseph.fr\/wp-content\/uploads\/280907547_335447581946874_5369869664242501972_n.jpg 640w, https:\/\/preenpail-saintjoseph.fr\/wp-content\/uploads\/280907547_335447581946874_5369869664242501972_n-225x300.jpg 225w\" sizes=\"auto, (max-width: 640px) 100vw, 640px\" \/><\/a><figcaption>C&#8217;est l&#8217;heure du pique-nique avec les enfants de CP CE.<\/figcaption><\/figure>\n\n\n\n<figure class=\"wp-block-image size-large\"><a href=\"http:\/\/preenpail-saintjoseph.fr\/wp-content\/uploads\/280910433_519184983024375_5377881607888561392_n.jpg\"><img loading=\"lazy\" decoding=\"async\" width=\"640\" height=\"480\" data-id=\"2040\" src=\"http:\/\/preenpail-saintjoseph.fr\/wp-content\/uploads\/280910433_519184983024375_5377881607888561392_n.jpg\" alt=\"\" class=\"wp-image-2040\" srcset=\"https:\/\/preenpail-saintjoseph.fr\/wp-content\/uploads\/280910433_519184983024375_5377881607888561392_n.jpg 640w, https:\/\/preenpail-saintjoseph.fr\/wp-content\/uploads\/280910433_519184983024375_5377881607888561392_n-300x225.jpg 300w\" sizes=\"auto, (max-width: 640px) 100vw, 640px\" \/><\/a><figcaption>Les enfants regardent les ruches.<\/figcaption><\/figure>\n\n\n\n<figure class=\"wp-block-image size-large\"><a href=\"http:\/\/preenpail-saintjoseph.fr\/wp-content\/uploads\/280951663_600417887646103_5144660455801893859_n-1.jpg\"><img loading=\"lazy\" decoding=\"async\" width=\"640\" height=\"480\" data-id=\"2042\" src=\"http:\/\/preenpail-saintjoseph.fr\/wp-content\/uploads\/280951663_600417887646103_5144660455801893859_n-1.jpg\" alt=\"\" class=\"wp-image-2042\" srcset=\"https:\/\/preenpail-saintjoseph.fr\/wp-content\/uploads\/280951663_600417887646103_5144660455801893859_n-1.jpg 640w, https:\/\/preenpail-saintjoseph.fr\/wp-content\/uploads\/280951663_600417887646103_5144660455801893859_n-1-300x225.jpg 300w\" sizes=\"auto, (max-width: 640px) 100vw, 640px\" \/><\/a><figcaption>Une libellule est venue nous rendre visite pendant le pique-nique.<\/figcaption><\/figure>\n<\/figure>\n\n\n\n<h2 class=\"wp-block-heading\">A la d\u00e9couverte des arbres.<\/h2>\n\n\n\n<figure class=\"wp-block-image\"><img decoding=\"async\" src=\"http:\/\/preenpail-saintjoseph.fr\/wp-content\/uploads\/279534533_3105330663054716_8418201770212972694_n.jpg\" alt=\"L\u2019attribut alt de cette image est vide, son nom de fichier est 279534533_3105330663054716_8418201770212972694_n.jpg.\"\/><figcaption>Les enfants sont \u00e0 l&#8217;\u00e9coute de Jean- Bastien.<\/figcaption><\/figure>\n\n\n\n<p>Les enfants de la classe Maternelle se sont rendus Lundi 2 mai au camping de Pr\u00e9-en Pail. Nous avons retrouv\u00e9 sur place Jean- Bastien du CPIE pour des activit\u00e9s autour des arbres. Les enfants ont d\u00e9couvert  cet espace arbor\u00e9 en cette belle matin\u00e9e de printemps. <\/p>\n\n\n\n<p>Au programme : recherche de feuilles qui piquent, qui sont douces et qui collent. Une v\u00e9ritable chasse au tr\u00e9sor pour les enfants qui n&#8217;ont mis que peu de temps pour trouver tout cela. Apr\u00e8s un temps de chants et de r\u00e9cr\u00e9ation au pieds des arbres les enfants recomposent un arbre avec des branches trouv\u00e9s dans la haie, de l&#8217;herbe et des feuilles. Ils s&#8217;appliquent tous tr\u00e8s bien pour bien repr\u00e9senter les racines, le tronc, les branches et les  feuilles. <\/p>\n\n\n\n<p>Une tr\u00e8s belle matin\u00e9e&#8230; nous retrouverons Jean-Bastien le 19 mai pour une sortie en for\u00eat.<\/p>\n\n\n\n<div class=\"wp-block-columns is-layout-flex wp-container-core-columns-is-layout-9d6595d7 wp-block-columns-is-layout-flex\">\n<div class=\"wp-block-column is-layout-flow wp-block-column-is-layout-flow\">\n<figure class=\"wp-block-image size-full\"><a href=\"http:\/\/preenpail-saintjoseph.fr\/wp-content\/uploads\/279500927_638922010950154_7856449646389252118_n-1.jpg\"><img loading=\"lazy\" decoding=\"async\" width=\"640\" height=\"480\" src=\"http:\/\/preenpail-saintjoseph.fr\/wp-content\/uploads\/279500927_638922010950154_7856449646389252118_n-1.jpg\" alt=\"\" class=\"wp-image-1983\" srcset=\"https:\/\/preenpail-saintjoseph.fr\/wp-content\/uploads\/279500927_638922010950154_7856449646389252118_n-1.jpg 640w, https:\/\/preenpail-saintjoseph.fr\/wp-content\/uploads\/279500927_638922010950154_7856449646389252118_n-1-300x225.jpg 300w\" sizes=\"auto, (max-width: 640px) 100vw, 640px\" \/><\/a><figcaption>A la recherche des feuilles.<\/figcaption><\/figure>\n<\/div>\n\n\n\n<div class=\"wp-block-column is-layout-flow wp-block-column-is-layout-flow\">\n<figure class=\"wp-block-image size-full\"><a href=\"http:\/\/preenpail-saintjoseph.fr\/wp-content\/uploads\/280581306_982504419134245_4155521851373429363_n-2.jpg\"><img loading=\"lazy\" decoding=\"async\" width=\"640\" height=\"853\" src=\"http:\/\/preenpail-saintjoseph.fr\/wp-content\/uploads\/280581306_982504419134245_4155521851373429363_n-2.jpg\" alt=\"\" class=\"wp-image-1984\" srcset=\"https:\/\/preenpail-saintjoseph.fr\/wp-content\/uploads\/280581306_982504419134245_4155521851373429363_n-2.jpg 640w, https:\/\/preenpail-saintjoseph.fr\/wp-content\/uploads\/280581306_982504419134245_4155521851373429363_n-2-225x300.jpg 225w\" sizes=\"auto, (max-width: 640px) 100vw, 640px\" \/><\/a><figcaption>Activit\u00e9 Land Art.<\/figcaption><\/figure>\n<\/div>\n\n\n\n<div class=\"wp-block-column is-layout-flow wp-block-column-is-layout-flow\">\n<figure class=\"wp-block-image size-full\"><a href=\"http:\/\/preenpail-saintjoseph.fr\/wp-content\/uploads\/279941910_1246935786046939_1606833460424360241_n-2.jpg\"><img loading=\"lazy\" decoding=\"async\" width=\"640\" height=\"853\" src=\"http:\/\/preenpail-saintjoseph.fr\/wp-content\/uploads\/279941910_1246935786046939_1606833460424360241_n-2.jpg\" alt=\"\" class=\"wp-image-1985\" srcset=\"https:\/\/preenpail-saintjoseph.fr\/wp-content\/uploads\/279941910_1246935786046939_1606833460424360241_n-2.jpg 640w, https:\/\/preenpail-saintjoseph.fr\/wp-content\/uploads\/279941910_1246935786046939_1606833460424360241_n-2-225x300.jpg 225w\" sizes=\"auto, (max-width: 640px) 100vw, 640px\" \/><\/a><figcaption>Un arbre avec les \u00e9l\u00e9ments trouv\u00e9s dans la nature. <\/figcaption><\/figure>\n<\/div>\n<\/div>\n\n\n\n<h2 class=\"wp-block-heading\">Au pied de notre arbre&#8230;<\/h2>\n\n\n\n<p>Pour cette nouvelle ann\u00e9e scolaire 2021\/2022 en classe de maternelle les enfants ont fabriqu\u00e9 un arbre pour afficher tous les anniversaires. Il s&#8217;impose fi\u00e8rement au coin regroupement et il permet \u00e0 tous de se rep\u00e9rer dans l&#8217;ann\u00e9e. 18 enfants et donc 18 jolies feuilles viennent le garnir. Il \u00e9voluera au fil du temps, des saisons et des observations des enfants.<\/p>\n\n\n\n<figure class=\"wp-block-image size-large\"><a href=\"http:\/\/preenpail-saintjoseph.fr\/wp-content\/uploads\/IMG_5357-1-scaled.jpg\"><img loading=\"lazy\" decoding=\"async\" width=\"1024\" height=\"768\" src=\"http:\/\/preenpail-saintjoseph.fr\/wp-content\/uploads\/IMG_5357-1-1024x768.jpg\" alt=\"\" class=\"wp-image-1637\" srcset=\"https:\/\/preenpail-saintjoseph.fr\/wp-content\/uploads\/IMG_5357-1-1024x768.jpg 1024w, https:\/\/preenpail-saintjoseph.fr\/wp-content\/uploads\/IMG_5357-1-300x225.jpg 300w, https:\/\/preenpail-saintjoseph.fr\/wp-content\/uploads\/IMG_5357-1-768x576.jpg 768w, https:\/\/preenpail-saintjoseph.fr\/wp-content\/uploads\/IMG_5357-1-1536x1152.jpg 1536w, https:\/\/preenpail-saintjoseph.fr\/wp-content\/uploads\/IMG_5357-1-2048x1536.jpg 2048w, https:\/\/preenpail-saintjoseph.fr\/wp-content\/uploads\/IMG_5357-1-1568x1176.jpg 1568w\" sizes=\"auto, (max-width: 1024px) 100vw, 1024px\" \/><\/a><\/figure>\n\n\n\n<h2 class=\"wp-block-heading\">Un petit tour dans le jardin<\/h2>\n\n\n\n<p>En ce d\u00e9but octobre, les enfants peuvent encore profiter du jardin situ\u00e9 juste derri\u00e8re notre classe. C&#8217;est un espace propice \u00e0 l&#8217;observation, \u00e0 la d\u00e9couverte, \u00e0 l&#8217;\u00e9coute du monde qui nous entoure, aux s\u00e9ances de motricit\u00e9\u2026 Les enfants sont toujours tr\u00e8s heureux d&#8217;y \u00eatre.<\/p>\n\n\n\n<figure class=\"wp-block-image size-large\"><a href=\"http:\/\/preenpail-saintjoseph.fr\/wp-content\/uploads\/IMG_5353-1-scaled.jpg\"><img loading=\"lazy\" decoding=\"async\" width=\"1024\" height=\"768\" src=\"http:\/\/preenpail-saintjoseph.fr\/wp-content\/uploads\/IMG_5353-1-1024x768.jpg\" alt=\"\" class=\"wp-image-1640\" srcset=\"https:\/\/preenpail-saintjoseph.fr\/wp-content\/uploads\/IMG_5353-1-1024x768.jpg 1024w, https:\/\/preenpail-saintjoseph.fr\/wp-content\/uploads\/IMG_5353-1-300x225.jpg 300w, https:\/\/preenpail-saintjoseph.fr\/wp-content\/uploads\/IMG_5353-1-768x576.jpg 768w, https:\/\/preenpail-saintjoseph.fr\/wp-content\/uploads\/IMG_5353-1-1536x1152.jpg 1536w, https:\/\/preenpail-saintjoseph.fr\/wp-content\/uploads\/IMG_5353-1-2048x1536.jpg 2048w, https:\/\/preenpail-saintjoseph.fr\/wp-content\/uploads\/IMG_5353-1-1568x1176.jpg 1568w\" sizes=\"auto, (max-width: 1024px) 100vw, 1024px\" \/><\/a><figcaption>Les enfants profitent du soleil dans le jardin lors d&#8217;une s\u00e9ance de motricit\u00e9.<\/figcaption><\/figure>\n\n\n\n<p class=\"has-large-font-size\">Ann\u00e9e 2020-21<\/p>\n\n\n\n<p>Le <strong>jeudi 18 f\u00e9vrier<\/strong> dernier, la classe recevait la visite d&#8217;<strong>Isabelle GIL<\/strong> auteur de livres jeunesse. Apr\u00e8s avoir fait la lecture de quelques uns de ses albums, elle expliquait aux enfants sa mani\u00e8re de cr\u00e9er en utilisant la photographie. Les enfants ont pu s&#8217;essayer en collant de petits yeux en plastique sur des oursons au chocolat et \u00e0 la guimauve. Par groupe, ils ont ensuite invent\u00e9 une histoire pour les petits personnages.<\/p>\n\n\n\n<figure class=\"wp-block-image size-large\"><a href=\"http:\/\/preenpail-saintjoseph.fr\/wp-content\/uploads\/20210218_105757.jpg\"><img loading=\"lazy\" decoding=\"async\" width=\"1024\" height=\"614\" src=\"http:\/\/preenpail-saintjoseph.fr\/wp-content\/uploads\/20210218_105757-1024x614.jpg\" alt=\"\" class=\"wp-image-1338\" srcset=\"https:\/\/preenpail-saintjoseph.fr\/wp-content\/uploads\/20210218_105757-1024x614.jpg 1024w, https:\/\/preenpail-saintjoseph.fr\/wp-content\/uploads\/20210218_105757-300x180.jpg 300w, https:\/\/preenpail-saintjoseph.fr\/wp-content\/uploads\/20210218_105757-768x461.jpg 768w, https:\/\/preenpail-saintjoseph.fr\/wp-content\/uploads\/20210218_105757-1536x922.jpg 1536w, https:\/\/preenpail-saintjoseph.fr\/wp-content\/uploads\/20210218_105757-2048x1229.jpg 2048w, https:\/\/preenpail-saintjoseph.fr\/wp-content\/uploads\/20210218_105757-1568x941.jpg 1568w\" sizes=\"auto, (max-width: 1024px) 100vw, 1024px\" \/><\/a><figcaption>Isabelle Gil nous montre le sc\u00e9nario d&#8217;un des ses livres.<\/figcaption><\/figure>\n\n\n\n<p>L&#8217;ensemble du projet v\u00e9cu par la classe de maternelle-CP tout au long de l\u2019ann\u00e9e.<\/p>\n\n\n\n<div class=\"wp-block-file\"><a id=\"wp-block-file--media-3655dcf4-2cb4-4b5e-a77e-2b27d5c50593\" href=\"http:\/\/preenpail-saintjoseph.fr\/wp-content\/uploads\/St-Joseph-PEPSS-Croq-les-mots-2021-1.pdf\">St-Joseph-PEPSS-Croq-les-mots-2021-1<\/a><a href=\"http:\/\/preenpail-saintjoseph.fr\/wp-content\/uploads\/St-Joseph-PEPSS-Croq-les-mots-2021-1.pdf\" class=\"wp-block-file__button\" download aria-describedby=\"wp-block-file--media-3655dcf4-2cb4-4b5e-a77e-2b27d5c50593\">T\u00e9l\u00e9charger<\/a><\/div>\n\n\n\n<h2 class=\"wp-block-heading\"><\/h2>\n","protected":false},"excerpt":{"rendered":"<p>Sortie au cin\u00e9ma Les enfants de la classe maternelle se sont rendus jeudi 13 octobre au cin\u00e9ma \u00e0 Saint Pierres des Nids. Nous sommes all\u00e9s voir \u201cles petits contes de la nuit\u201d. Ce sont 6 petits courts m\u00e9trage sur le th\u00e8me de la nuit et du sommeil. Les enfants ont appr\u00e9ci\u00e9 et sont rest\u00e9s tr\u00e8s &hellip; <\/p>\n<p class=\"link-more\"><a href=\"https:\/\/preenpail-saintjoseph.fr\/index.php\/maternelle-cp\/\" class=\"more-link\">Continuer la lecture <span class=\"screen-reader-text\"> \u00ab\u00a0Cycle 1 : maternelle PS-MS-GS\u00a0\u00bb<\/span><\/a><\/p>\n","protected":false},"author":7,"featured_media":0,"parent":0,"menu_order":0,"comment_status":"closed","ping_status":"closed","template":"","meta":{"footnotes":""},"class_list":["post-1262","page","type-page","status-publish","hentry","entry"],"_links":{"self":[{"href":"https:\/\/preenpail-saintjoseph.fr\/index.php\/wp-json\/wp\/v2\/pages\/1262","targetHints":{"allow":["GET"]}}],"collection":[{"href":"https:\/\/preenpail-saintjoseph.fr\/index.php\/wp-json\/wp\/v2\/pages"}],"about":[{"href":"https:\/\/preenpail-saintjoseph.fr\/index.php\/wp-json\/wp\/v2\/types\/page"}],"author":[{"embeddable":true,"href":"https:\/\/preenpail-saintjoseph.fr\/index.php\/wp-json\/wp\/v2\/users\/7"}],"replies":[{"embeddable":true,"href":"https:\/\/preenpail-saintjoseph.fr\/index.php\/wp-json\/wp\/v2\/comments?post=1262"}],"version-history":[{"count":17,"href":"https:\/\/preenpail-saintjoseph.fr\/index.php\/wp-json\/wp\/v2\/pages\/1262\/revisions"}],"predecessor-version":[{"id":2408,"href":"https:\/\/preenpail-saintjoseph.fr\/index.php\/wp-json\/wp\/v2\/pages\/1262\/revisions\/2408"}],"wp:attachment":[{"href":"https:\/\/preenpail-saintjoseph.fr\/index.php\/wp-json\/wp\/v2\/media?parent=1262"}],"curies":[{"name":"wp","href":"https:\/\/api.w.org\/{rel}","templated":true}]}}