{"id":168,"date":"2017-02-12T11:56:09","date_gmt":"2017-02-12T10:56:09","guid":{"rendered":"http:\/\/preenpail-saintjoseph.fr\/?page_id=168"},"modified":"2023-06-08T11:17:05","modified_gmt":"2023-06-08T10:17:05","slug":"les-projets-detablissement","status":"publish","type":"page","link":"https:\/\/preenpail-saintjoseph.fr\/index.php\/les-projets-detablissement\/","title":{"rendered":"Les projets"},"content":{"rendered":"\n<p class=\"has-primary-color has-text-color has-large-font-size\"><strong>Les Activit\u00e9s p\u00e9dagogique compl\u00e9mentaires APC<\/strong><\/p>\n\n\n\n<div data-wp-interactive=\"core\/file\" class=\"wp-block-file\"><object data-wp-bind--hidden=\"!state.hasPdfPreview\" hidden class=\"wp-block-file__embed\" data=\"http:\/\/preenpail-saintjoseph.fr\/wp-content\/uploads\/2023-03-01-Les-APC-a-lecole-Saint-Joseph.pdf\" type=\"application\/pdf\" style=\"width:100%;height:600px\" aria-label=\"Contenu embarqu\u00e9 2023-03-01-Les-APC-a-lecole-Saint-Joseph.\"><\/object><a id=\"wp-block-file--media-3e887bcc-f3ca-4063-812c-5fdec01278a4\" href=\"http:\/\/preenpail-saintjoseph.fr\/wp-content\/uploads\/2023-03-01-Les-APC-a-lecole-Saint-Joseph.pdf\">2023-03-01-Les-APC-a-lecole-Saint-Joseph<\/a><a href=\"http:\/\/preenpail-saintjoseph.fr\/wp-content\/uploads\/2023-03-01-Les-APC-a-lecole-Saint-Joseph.pdf\" class=\"wp-block-file__button wp-element-button\" download aria-describedby=\"wp-block-file--media-3e887bcc-f3ca-4063-812c-5fdec01278a4\">T\u00e9l\u00e9charger<\/a><\/div>\n\n\n\n<p>Reportage photo sur &#8220;l&#8217;APC quand il fait beau !&#8221;. Mardi 6 juin 2023<\/p>\n\n\n\n<figure class=\"wp-block-gallery has-nested-images columns-default is-cropped wp-block-gallery-1 is-layout-flex wp-block-gallery-is-layout-flex\">\n<figure class=\"wp-block-image size-large\"><a href=\"http:\/\/preenpail-saintjoseph.fr\/wp-content\/uploads\/20230606_134155-rotated.jpg\"><img loading=\"lazy\" decoding=\"async\" width=\"1024\" height=\"1024\" data-id=\"2902\" src=\"http:\/\/preenpail-saintjoseph.fr\/wp-content\/uploads\/20230606_134155-1024x1024.jpg\" alt=\"\" class=\"wp-image-2902\" srcset=\"https:\/\/preenpail-saintjoseph.fr\/wp-content\/uploads\/20230606_134155-1024x1024.jpg 1024w, https:\/\/preenpail-saintjoseph.fr\/wp-content\/uploads\/20230606_134155-300x300.jpg 300w, https:\/\/preenpail-saintjoseph.fr\/wp-content\/uploads\/20230606_134155-150x150.jpg 150w, https:\/\/preenpail-saintjoseph.fr\/wp-content\/uploads\/20230606_134155-768x768.jpg 768w, https:\/\/preenpail-saintjoseph.fr\/wp-content\/uploads\/20230606_134155-1536x1536.jpg 1536w, https:\/\/preenpail-saintjoseph.fr\/wp-content\/uploads\/20230606_134155-2048x2048.jpg 2048w, https:\/\/preenpail-saintjoseph.fr\/wp-content\/uploads\/20230606_134155-1568x1568.jpg 1568w\" sizes=\"auto, (max-width: 1024px) 100vw, 1024px\" \/><\/a><figcaption class=\"wp-element-caption\">Jeu de construction en ext\u00e9rieur<\/figcaption><\/figure>\n\n\n\n<figure class=\"wp-block-image size-large\"><a href=\"http:\/\/preenpail-saintjoseph.fr\/wp-content\/uploads\/20230606_134433-1-rotated.jpg\"><img loading=\"lazy\" decoding=\"async\" width=\"1024\" height=\"1024\" data-id=\"2901\" src=\"http:\/\/preenpail-saintjoseph.fr\/wp-content\/uploads\/20230606_134433-1-1024x1024.jpg\" alt=\"\" class=\"wp-image-2901\" srcset=\"https:\/\/preenpail-saintjoseph.fr\/wp-content\/uploads\/20230606_134433-1-1024x1024.jpg 1024w, https:\/\/preenpail-saintjoseph.fr\/wp-content\/uploads\/20230606_134433-1-300x300.jpg 300w, https:\/\/preenpail-saintjoseph.fr\/wp-content\/uploads\/20230606_134433-1-150x150.jpg 150w, https:\/\/preenpail-saintjoseph.fr\/wp-content\/uploads\/20230606_134433-1-768x768.jpg 768w, https:\/\/preenpail-saintjoseph.fr\/wp-content\/uploads\/20230606_134433-1-1536x1536.jpg 1536w, https:\/\/preenpail-saintjoseph.fr\/wp-content\/uploads\/20230606_134433-1-2048x2048.jpg 2048w, https:\/\/preenpail-saintjoseph.fr\/wp-content\/uploads\/20230606_134433-1-1568x1568.jpg 1568w\" sizes=\"auto, (max-width: 1024px) 100vw, 1024px\" \/><\/a><figcaption class=\"wp-element-caption\">Jeu de construction en int\u00e9rieur<\/figcaption><\/figure>\n\n\n\n<figure class=\"wp-block-image size-large\"><a href=\"http:\/\/preenpail-saintjoseph.fr\/wp-content\/uploads\/20230606_134556-1-rotated.jpg\"><img loading=\"lazy\" decoding=\"async\" width=\"1024\" height=\"1024\" data-id=\"2900\" src=\"http:\/\/preenpail-saintjoseph.fr\/wp-content\/uploads\/20230606_134556-1-1024x1024.jpg\" alt=\"\" class=\"wp-image-2900\" srcset=\"https:\/\/preenpail-saintjoseph.fr\/wp-content\/uploads\/20230606_134556-1-1024x1024.jpg 1024w, https:\/\/preenpail-saintjoseph.fr\/wp-content\/uploads\/20230606_134556-1-300x300.jpg 300w, https:\/\/preenpail-saintjoseph.fr\/wp-content\/uploads\/20230606_134556-1-150x150.jpg 150w, https:\/\/preenpail-saintjoseph.fr\/wp-content\/uploads\/20230606_134556-1-768x768.jpg 768w, https:\/\/preenpail-saintjoseph.fr\/wp-content\/uploads\/20230606_134556-1-1536x1536.jpg 1536w, https:\/\/preenpail-saintjoseph.fr\/wp-content\/uploads\/20230606_134556-1-2048x2048.jpg 2048w, https:\/\/preenpail-saintjoseph.fr\/wp-content\/uploads\/20230606_134556-1-1568x1568.jpg 1568w\" sizes=\"auto, (max-width: 1024px) 100vw, 1024px\" \/><\/a><figcaption class=\"wp-element-caption\">Jeu d&#8217;observation et de placement d&#8217;objets dans l&#8217;espace<\/figcaption><\/figure>\n\n\n\n<figure class=\"wp-block-image size-large\"><a href=\"http:\/\/preenpail-saintjoseph.fr\/wp-content\/uploads\/20230606_134134-rotated.jpg\"><img loading=\"lazy\" decoding=\"async\" width=\"1024\" height=\"1024\" data-id=\"2903\" src=\"http:\/\/preenpail-saintjoseph.fr\/wp-content\/uploads\/20230606_134134-1024x1024.jpg\" alt=\"\" class=\"wp-image-2903\" srcset=\"https:\/\/preenpail-saintjoseph.fr\/wp-content\/uploads\/20230606_134134-1024x1024.jpg 1024w, https:\/\/preenpail-saintjoseph.fr\/wp-content\/uploads\/20230606_134134-300x300.jpg 300w, https:\/\/preenpail-saintjoseph.fr\/wp-content\/uploads\/20230606_134134-150x150.jpg 150w, https:\/\/preenpail-saintjoseph.fr\/wp-content\/uploads\/20230606_134134-768x768.jpg 768w, https:\/\/preenpail-saintjoseph.fr\/wp-content\/uploads\/20230606_134134-1536x1536.jpg 1536w, https:\/\/preenpail-saintjoseph.fr\/wp-content\/uploads\/20230606_134134-2048x2048.jpg 2048w, https:\/\/preenpail-saintjoseph.fr\/wp-content\/uploads\/20230606_134134-1568x1568.jpg 1568w\" sizes=\"auto, (max-width: 1024px) 100vw, 1024px\" \/><\/a><figcaption class=\"wp-element-caption\">Un petit groupe d&#8217;\u00e9l\u00e8ves consolident ses comp\u00e9tences avec la maitresse.<\/figcaption><\/figure>\n\n\n\n<figure class=\"wp-block-image size-large\"><a href=\"http:\/\/preenpail-saintjoseph.fr\/wp-content\/uploads\/20230606_134218-1-rotated.jpg\"><img loading=\"lazy\" decoding=\"async\" width=\"1024\" height=\"1024\" data-id=\"2905\" src=\"http:\/\/preenpail-saintjoseph.fr\/wp-content\/uploads\/20230606_134218-1-1024x1024.jpg\" alt=\"\" class=\"wp-image-2905\" srcset=\"https:\/\/preenpail-saintjoseph.fr\/wp-content\/uploads\/20230606_134218-1-1024x1024.jpg 1024w, https:\/\/preenpail-saintjoseph.fr\/wp-content\/uploads\/20230606_134218-1-300x300.jpg 300w, https:\/\/preenpail-saintjoseph.fr\/wp-content\/uploads\/20230606_134218-1-150x150.jpg 150w, https:\/\/preenpail-saintjoseph.fr\/wp-content\/uploads\/20230606_134218-1-768x768.jpg 768w, https:\/\/preenpail-saintjoseph.fr\/wp-content\/uploads\/20230606_134218-1-1536x1536.jpg 1536w, https:\/\/preenpail-saintjoseph.fr\/wp-content\/uploads\/20230606_134218-1-2048x2048.jpg 2048w, https:\/\/preenpail-saintjoseph.fr\/wp-content\/uploads\/20230606_134218-1-1568x1568.jpg 1568w\" sizes=\"auto, (max-width: 1024px) 100vw, 1024px\" \/><\/a><figcaption class=\"wp-element-caption\">Pratique du molkky<\/figcaption><\/figure>\n\n\n\n<figure class=\"wp-block-image size-large\"><a href=\"http:\/\/preenpail-saintjoseph.fr\/wp-content\/uploads\/20230606_134358-1-rotated.jpg\"><img loading=\"lazy\" decoding=\"async\" width=\"1024\" height=\"1024\" data-id=\"2906\" src=\"http:\/\/preenpail-saintjoseph.fr\/wp-content\/uploads\/20230606_134358-1-1024x1024.jpg\" alt=\"\" class=\"wp-image-2906\" srcset=\"https:\/\/preenpail-saintjoseph.fr\/wp-content\/uploads\/20230606_134358-1-1024x1024.jpg 1024w, https:\/\/preenpail-saintjoseph.fr\/wp-content\/uploads\/20230606_134358-1-300x300.jpg 300w, https:\/\/preenpail-saintjoseph.fr\/wp-content\/uploads\/20230606_134358-1-150x150.jpg 150w, https:\/\/preenpail-saintjoseph.fr\/wp-content\/uploads\/20230606_134358-1-768x768.jpg 768w, https:\/\/preenpail-saintjoseph.fr\/wp-content\/uploads\/20230606_134358-1-1536x1536.jpg 1536w, https:\/\/preenpail-saintjoseph.fr\/wp-content\/uploads\/20230606_134358-1-2048x2048.jpg 2048w, https:\/\/preenpail-saintjoseph.fr\/wp-content\/uploads\/20230606_134358-1-1568x1568.jpg 1568w\" sizes=\"auto, (max-width: 1024px) 100vw, 1024px\" \/><\/a><\/figure>\n\n\n\n<figure class=\"wp-block-image size-large\"><a href=\"http:\/\/preenpail-saintjoseph.fr\/wp-content\/uploads\/20230606_134419-1-rotated.jpg\"><img loading=\"lazy\" decoding=\"async\" width=\"1024\" height=\"1024\" data-id=\"2904\" src=\"http:\/\/preenpail-saintjoseph.fr\/wp-content\/uploads\/20230606_134419-1-1024x1024.jpg\" alt=\"\" class=\"wp-image-2904\" srcset=\"https:\/\/preenpail-saintjoseph.fr\/wp-content\/uploads\/20230606_134419-1-1024x1024.jpg 1024w, https:\/\/preenpail-saintjoseph.fr\/wp-content\/uploads\/20230606_134419-1-300x300.jpg 300w, https:\/\/preenpail-saintjoseph.fr\/wp-content\/uploads\/20230606_134419-1-150x150.jpg 150w, https:\/\/preenpail-saintjoseph.fr\/wp-content\/uploads\/20230606_134419-1-768x768.jpg 768w, https:\/\/preenpail-saintjoseph.fr\/wp-content\/uploads\/20230606_134419-1-1536x1536.jpg 1536w, https:\/\/preenpail-saintjoseph.fr\/wp-content\/uploads\/20230606_134419-1-2048x2048.jpg 2048w, https:\/\/preenpail-saintjoseph.fr\/wp-content\/uploads\/20230606_134419-1-1568x1568.jpg 1568w\" sizes=\"auto, (max-width: 1024px) 100vw, 1024px\" \/><\/a><figcaption class=\"wp-element-caption\">Jeu de soci\u00e9t\u00e9 ou coloriage<\/figcaption><\/figure>\n<\/figure>\n\n\n\n<figure class=\"wp-block-gallery has-nested-images columns-default is-cropped wp-block-gallery-2 is-layout-flex wp-block-gallery-is-layout-flex\">\n<figure class=\"wp-block-image size-large\"><a href=\"http:\/\/preenpail-saintjoseph.fr\/wp-content\/uploads\/20230606_134155-rotated.jpg\"><img loading=\"lazy\" decoding=\"async\" width=\"1024\" height=\"1024\" data-id=\"2902\" src=\"http:\/\/preenpail-saintjoseph.fr\/wp-content\/uploads\/20230606_134155-1024x1024.jpg\" alt=\"\" class=\"wp-image-2902\" srcset=\"https:\/\/preenpail-saintjoseph.fr\/wp-content\/uploads\/20230606_134155-1024x1024.jpg 1024w, https:\/\/preenpail-saintjoseph.fr\/wp-content\/uploads\/20230606_134155-300x300.jpg 300w, https:\/\/preenpail-saintjoseph.fr\/wp-content\/uploads\/20230606_134155-150x150.jpg 150w, https:\/\/preenpail-saintjoseph.fr\/wp-content\/uploads\/20230606_134155-768x768.jpg 768w, https:\/\/preenpail-saintjoseph.fr\/wp-content\/uploads\/20230606_134155-1536x1536.jpg 1536w, https:\/\/preenpail-saintjoseph.fr\/wp-content\/uploads\/20230606_134155-2048x2048.jpg 2048w, https:\/\/preenpail-saintjoseph.fr\/wp-content\/uploads\/20230606_134155-1568x1568.jpg 1568w\" sizes=\"auto, (max-width: 1024px) 100vw, 1024px\" \/><\/a><figcaption class=\"wp-element-caption\">Jeu de construction en ext\u00e9rieur<\/figcaption><\/figure>\n\n\n\n<figure class=\"wp-block-image size-large\"><a href=\"http:\/\/preenpail-saintjoseph.fr\/wp-content\/uploads\/20230606_134433-1-rotated.jpg\"><img loading=\"lazy\" decoding=\"async\" width=\"1024\" height=\"1024\" data-id=\"2901\" src=\"http:\/\/preenpail-saintjoseph.fr\/wp-content\/uploads\/20230606_134433-1-1024x1024.jpg\" alt=\"\" class=\"wp-image-2901\" srcset=\"https:\/\/preenpail-saintjoseph.fr\/wp-content\/uploads\/20230606_134433-1-1024x1024.jpg 1024w, https:\/\/preenpail-saintjoseph.fr\/wp-content\/uploads\/20230606_134433-1-300x300.jpg 300w, https:\/\/preenpail-saintjoseph.fr\/wp-content\/uploads\/20230606_134433-1-150x150.jpg 150w, https:\/\/preenpail-saintjoseph.fr\/wp-content\/uploads\/20230606_134433-1-768x768.jpg 768w, https:\/\/preenpail-saintjoseph.fr\/wp-content\/uploads\/20230606_134433-1-1536x1536.jpg 1536w, https:\/\/preenpail-saintjoseph.fr\/wp-content\/uploads\/20230606_134433-1-2048x2048.jpg 2048w, https:\/\/preenpail-saintjoseph.fr\/wp-content\/uploads\/20230606_134433-1-1568x1568.jpg 1568w\" sizes=\"auto, (max-width: 1024px) 100vw, 1024px\" \/><\/a><figcaption class=\"wp-element-caption\">Jeu de construction en int\u00e9rieur<\/figcaption><\/figure>\n\n\n\n<figure class=\"wp-block-image size-large\"><a href=\"http:\/\/preenpail-saintjoseph.fr\/wp-content\/uploads\/20230606_134556-1-rotated.jpg\"><img loading=\"lazy\" decoding=\"async\" width=\"1024\" height=\"1024\" data-id=\"2900\" src=\"http:\/\/preenpail-saintjoseph.fr\/wp-content\/uploads\/20230606_134556-1-1024x1024.jpg\" alt=\"\" class=\"wp-image-2900\" srcset=\"https:\/\/preenpail-saintjoseph.fr\/wp-content\/uploads\/20230606_134556-1-1024x1024.jpg 1024w, https:\/\/preenpail-saintjoseph.fr\/wp-content\/uploads\/20230606_134556-1-300x300.jpg 300w, https:\/\/preenpail-saintjoseph.fr\/wp-content\/uploads\/20230606_134556-1-150x150.jpg 150w, https:\/\/preenpail-saintjoseph.fr\/wp-content\/uploads\/20230606_134556-1-768x768.jpg 768w, https:\/\/preenpail-saintjoseph.fr\/wp-content\/uploads\/20230606_134556-1-1536x1536.jpg 1536w, https:\/\/preenpail-saintjoseph.fr\/wp-content\/uploads\/20230606_134556-1-2048x2048.jpg 2048w, https:\/\/preenpail-saintjoseph.fr\/wp-content\/uploads\/20230606_134556-1-1568x1568.jpg 1568w\" sizes=\"auto, (max-width: 1024px) 100vw, 1024px\" \/><\/a><figcaption class=\"wp-element-caption\">Jeu d&#8217;observation et de placement d&#8217;objets dans l&#8217;espace<\/figcaption><\/figure>\n\n\n\n<figure class=\"wp-block-image size-large\"><a href=\"http:\/\/preenpail-saintjoseph.fr\/wp-content\/uploads\/20230606_134134-rotated.jpg\"><img loading=\"lazy\" decoding=\"async\" width=\"1024\" height=\"1024\" data-id=\"2903\" src=\"http:\/\/preenpail-saintjoseph.fr\/wp-content\/uploads\/20230606_134134-1024x1024.jpg\" alt=\"\" class=\"wp-image-2903\" srcset=\"https:\/\/preenpail-saintjoseph.fr\/wp-content\/uploads\/20230606_134134-1024x1024.jpg 1024w, https:\/\/preenpail-saintjoseph.fr\/wp-content\/uploads\/20230606_134134-300x300.jpg 300w, https:\/\/preenpail-saintjoseph.fr\/wp-content\/uploads\/20230606_134134-150x150.jpg 150w, https:\/\/preenpail-saintjoseph.fr\/wp-content\/uploads\/20230606_134134-768x768.jpg 768w, https:\/\/preenpail-saintjoseph.fr\/wp-content\/uploads\/20230606_134134-1536x1536.jpg 1536w, https:\/\/preenpail-saintjoseph.fr\/wp-content\/uploads\/20230606_134134-2048x2048.jpg 2048w, https:\/\/preenpail-saintjoseph.fr\/wp-content\/uploads\/20230606_134134-1568x1568.jpg 1568w\" sizes=\"auto, (max-width: 1024px) 100vw, 1024px\" \/><\/a><figcaption class=\"wp-element-caption\">Un petit groupe d&#8217;\u00e9l\u00e8ves consolident ses comp\u00e9tences avec la maitresse.<\/figcaption><\/figure>\n\n\n\n<figure class=\"wp-block-image size-large\"><a href=\"http:\/\/preenpail-saintjoseph.fr\/wp-content\/uploads\/20230606_134218-1-rotated.jpg\"><img loading=\"lazy\" decoding=\"async\" width=\"1024\" height=\"1024\" data-id=\"2905\" src=\"http:\/\/preenpail-saintjoseph.fr\/wp-content\/uploads\/20230606_134218-1-1024x1024.jpg\" alt=\"\" class=\"wp-image-2905\" srcset=\"https:\/\/preenpail-saintjoseph.fr\/wp-content\/uploads\/20230606_134218-1-1024x1024.jpg 1024w, https:\/\/preenpail-saintjoseph.fr\/wp-content\/uploads\/20230606_134218-1-300x300.jpg 300w, https:\/\/preenpail-saintjoseph.fr\/wp-content\/uploads\/20230606_134218-1-150x150.jpg 150w, https:\/\/preenpail-saintjoseph.fr\/wp-content\/uploads\/20230606_134218-1-768x768.jpg 768w, https:\/\/preenpail-saintjoseph.fr\/wp-content\/uploads\/20230606_134218-1-1536x1536.jpg 1536w, https:\/\/preenpail-saintjoseph.fr\/wp-content\/uploads\/20230606_134218-1-2048x2048.jpg 2048w, https:\/\/preenpail-saintjoseph.fr\/wp-content\/uploads\/20230606_134218-1-1568x1568.jpg 1568w\" sizes=\"auto, (max-width: 1024px) 100vw, 1024px\" \/><\/a><figcaption class=\"wp-element-caption\">Pratique du molkky<\/figcaption><\/figure>\n\n\n\n<figure class=\"wp-block-image size-large\"><a href=\"http:\/\/preenpail-saintjoseph.fr\/wp-content\/uploads\/20230606_134358-1-rotated.jpg\"><img loading=\"lazy\" decoding=\"async\" width=\"1024\" height=\"1024\" data-id=\"2906\" src=\"http:\/\/preenpail-saintjoseph.fr\/wp-content\/uploads\/20230606_134358-1-1024x1024.jpg\" alt=\"\" class=\"wp-image-2906\" srcset=\"https:\/\/preenpail-saintjoseph.fr\/wp-content\/uploads\/20230606_134358-1-1024x1024.jpg 1024w, https:\/\/preenpail-saintjoseph.fr\/wp-content\/uploads\/20230606_134358-1-300x300.jpg 300w, https:\/\/preenpail-saintjoseph.fr\/wp-content\/uploads\/20230606_134358-1-150x150.jpg 150w, https:\/\/preenpail-saintjoseph.fr\/wp-content\/uploads\/20230606_134358-1-768x768.jpg 768w, https:\/\/preenpail-saintjoseph.fr\/wp-content\/uploads\/20230606_134358-1-1536x1536.jpg 1536w, https:\/\/preenpail-saintjoseph.fr\/wp-content\/uploads\/20230606_134358-1-2048x2048.jpg 2048w, https:\/\/preenpail-saintjoseph.fr\/wp-content\/uploads\/20230606_134358-1-1568x1568.jpg 1568w\" sizes=\"auto, (max-width: 1024px) 100vw, 1024px\" \/><\/a><\/figure>\n\n\n\n<figure class=\"wp-block-image size-large\"><a href=\"http:\/\/preenpail-saintjoseph.fr\/wp-content\/uploads\/20230606_134419-1-rotated.jpg\"><img loading=\"lazy\" decoding=\"async\" width=\"1024\" height=\"1024\" data-id=\"2904\" src=\"http:\/\/preenpail-saintjoseph.fr\/wp-content\/uploads\/20230606_134419-1-1024x1024.jpg\" alt=\"\" class=\"wp-image-2904\" srcset=\"https:\/\/preenpail-saintjoseph.fr\/wp-content\/uploads\/20230606_134419-1-1024x1024.jpg 1024w, https:\/\/preenpail-saintjoseph.fr\/wp-content\/uploads\/20230606_134419-1-300x300.jpg 300w, https:\/\/preenpail-saintjoseph.fr\/wp-content\/uploads\/20230606_134419-1-150x150.jpg 150w, https:\/\/preenpail-saintjoseph.fr\/wp-content\/uploads\/20230606_134419-1-768x768.jpg 768w, https:\/\/preenpail-saintjoseph.fr\/wp-content\/uploads\/20230606_134419-1-1536x1536.jpg 1536w, https:\/\/preenpail-saintjoseph.fr\/wp-content\/uploads\/20230606_134419-1-2048x2048.jpg 2048w, https:\/\/preenpail-saintjoseph.fr\/wp-content\/uploads\/20230606_134419-1-1568x1568.jpg 1568w\" sizes=\"auto, (max-width: 1024px) 100vw, 1024px\" \/><\/a><figcaption class=\"wp-element-caption\">Jeu de soci\u00e9t\u00e9 ou coloriage<\/figcaption><\/figure>\n<\/figure>\n\n\n\n<p>Lundi 28 f\u00e9vrier un vingtaine de personnes \u00e9taient r\u00e9unies pour un conseil d&#8217;\u00e9tablissement. Le but : pr\u00e9senter la synth\u00e8se du questionnaire envoy\u00e9 en janvier \u00e0 toutes les familles, expliquer ce qu&#8217;est un projet \u00e9ducatif et un projet d&#8217;\u00e9tablissement, approfondir et compl\u00e9ter les retours du questionnaire.<\/p>\n\n\n\n<div data-wp-interactive=\"core\/file\" class=\"wp-block-file\"><object data-wp-bind--hidden=\"!state.hasPdfPreview\" hidden class=\"wp-block-file__embed\" data=\"http:\/\/preenpail-saintjoseph.fr\/wp-content\/uploads\/Diaporama-conseil-etablissement-28-02-22-jet-1.pdf\" type=\"application\/pdf\" style=\"width:100%;height:600px\" aria-label=\"Contenu embarqu\u00e9 Diaporama-conseil-etablissement-28-02-22-jet-1.\"><\/object><a id=\"wp-block-file--media-ee4ea7be-f165-4b8e-a940-c12aceee5978\" href=\"http:\/\/preenpail-saintjoseph.fr\/wp-content\/uploads\/Diaporama-conseil-etablissement-28-02-22-jet-1.pdf\">Diaporama-conseil-etablissement-28-02-22-jet-1<\/a><a href=\"http:\/\/preenpail-saintjoseph.fr\/wp-content\/uploads\/Diaporama-conseil-etablissement-28-02-22-jet-1.pdf\" class=\"wp-block-file__button wp-element-button\" download aria-describedby=\"wp-block-file--media-ee4ea7be-f165-4b8e-a940-c12aceee5978\">T\u00e9l\u00e9charger<\/a><\/div>\n","protected":false},"excerpt":{"rendered":"<p>Les Activit\u00e9s p\u00e9dagogique compl\u00e9mentaires APC Reportage photo sur &#8220;l&#8217;APC quand il fait beau !&#8221;. Mardi 6 juin 2023 Lundi 28 f\u00e9vrier un vingtaine de personnes \u00e9taient r\u00e9unies pour un conseil d&#8217;\u00e9tablissement. Le but : pr\u00e9senter la synth\u00e8se du questionnaire envoy\u00e9 en janvier \u00e0 toutes les familles, expliquer ce qu&#8217;est un projet \u00e9ducatif et un projet &hellip; <\/p>\n<p class=\"link-more\"><a href=\"https:\/\/preenpail-saintjoseph.fr\/index.php\/les-projets-detablissement\/\" class=\"more-link\">Continuer la lecture <span class=\"screen-reader-text\"> \u00ab\u00a0Les projets\u00a0\u00bb<\/span><\/a><\/p>\n","protected":false},"author":7,"featured_media":0,"parent":0,"menu_order":0,"comment_status":"closed","ping_status":"closed","template":"","meta":{"footnotes":""},"class_list":["post-168","page","type-page","status-publish","hentry","entry"],"_links":{"self":[{"href":"https:\/\/preenpail-saintjoseph.fr\/index.php\/wp-json\/wp\/v2\/pages\/168","targetHints":{"allow":["GET"]}}],"collection":[{"href":"https:\/\/preenpail-saintjoseph.fr\/index.php\/wp-json\/wp\/v2\/pages"}],"about":[{"href":"https:\/\/preenpail-saintjoseph.fr\/index.php\/wp-json\/wp\/v2\/types\/page"}],"author":[{"embeddable":true,"href":"https:\/\/preenpail-saintjoseph.fr\/index.php\/wp-json\/wp\/v2\/users\/7"}],"replies":[{"embeddable":true,"href":"https:\/\/preenpail-saintjoseph.fr\/index.php\/wp-json\/wp\/v2\/comments?post=168"}],"version-history":[{"count":14,"href":"https:\/\/preenpail-saintjoseph.fr\/index.php\/wp-json\/wp\/v2\/pages\/168\/revisions"}],"predecessor-version":[{"id":2911,"href":"https:\/\/preenpail-saintjoseph.fr\/index.php\/wp-json\/wp\/v2\/pages\/168\/revisions\/2911"}],"wp:attachment":[{"href":"https:\/\/preenpail-saintjoseph.fr\/index.php\/wp-json\/wp\/v2\/media?parent=168"}],"curies":[{"name":"wp","href":"https:\/\/api.w.org\/{rel}","templated":true}]}}