{"id":231,"date":"2017-02-14T17:32:23","date_gmt":"2017-02-14T16:32:23","guid":{"rendered":"http:\/\/preenpail-saintjoseph.fr\/?page_id=231"},"modified":"2023-06-06T14:25:24","modified_gmt":"2023-06-06T13:25:24","slug":"ogec","status":"publish","type":"page","link":"https:\/\/preenpail-saintjoseph.fr\/index.php\/ogec\/","title":{"rendered":"OGEC"},"content":{"rendered":"\n<p>Pour contacter l&#8217;OGEC : <a rel=\"noreferrer noopener\" href=\"mailto:ogec.stjoseph.pepss53@gmail.com\" target=\"_blank\">ogec.stjoseph.pepss53@gmail.com<\/a><\/p>\n\n\n\n<p class=\"has-primary-color has-text-color has-large-font-size\"><strong>Qu&#8217;est-ce qu&#8217;un OGEC (Organisme de gestion de l&#8217;Enseignement catholique) ?<\/strong><\/p>\n\n\n\n<figure class=\"wp-block-video\"><video height=\"720\" style=\"aspect-ratio: 1280 \/ 720;\" width=\"1280\" controls src=\"http:\/\/preenpail-saintjoseph.fr\/wp-content\/uploads\/film-UDO-2022.mp4\"><\/video><\/figure>\n\n\n\n<p class=\"has-primary-color has-text-color has-large-font-size\"><strong>Bo\u00eete aux lettres des associations OGEC et APEL<\/strong><\/p>\n\n\n\n<div class=\"wp-block-media-text alignwide is-stacked-on-mobile\"><figure class=\"wp-block-media-text__media\"><img loading=\"lazy\" decoding=\"async\" width=\"1024\" height=\"765\" src=\"http:\/\/preenpail-saintjoseph.fr\/wp-content\/uploads\/boite-aux-lettres-1-1024x765.jpg\" alt=\"\" class=\"wp-image-1939 size-full\" srcset=\"https:\/\/preenpail-saintjoseph.fr\/wp-content\/uploads\/boite-aux-lettres-1-1024x765.jpg 1024w, https:\/\/preenpail-saintjoseph.fr\/wp-content\/uploads\/boite-aux-lettres-1-300x224.jpg 300w, https:\/\/preenpail-saintjoseph.fr\/wp-content\/uploads\/boite-aux-lettres-1-768x574.jpg 768w, https:\/\/preenpail-saintjoseph.fr\/wp-content\/uploads\/boite-aux-lettres-1-1536x1148.jpg 1536w, https:\/\/preenpail-saintjoseph.fr\/wp-content\/uploads\/boite-aux-lettres-1-2048x1531.jpg 2048w, https:\/\/preenpail-saintjoseph.fr\/wp-content\/uploads\/boite-aux-lettres-1-1568x1172.jpg 1568w\" sizes=\"auto, (max-width: 1024px) 100vw, 1024px\" \/><\/figure><div class=\"wp-block-media-text__content\">\n<p class=\"has-normal-font-size\"><strong>Qui l&#8217;utilise ?<\/strong> Les familles qui d\u00e9posent directement leurs coupons retours.<\/p>\n\n\n\n<p><strong>A quoi sert-elle ? <\/strong>A recueillir les coupons et retours \u00e0 destination des associations OGEC et APEL. Elle facilite le travail des enseignants qui n&#8217;ont plus dans le cahier que les coupons et retours destin\u00e9s \u00e0 la vie scolaire.<\/p>\n\n\n\n<p><strong>Merci au petit menuisier de l&#8217;\u00e9cole et \u00e0 sa famille !<\/strong><\/p>\n<\/div><\/div>\n\n\n\n<figure class=\"wp-block-video\"><video height=\"1080\" style=\"aspect-ratio: 1920 \/ 1080;\" width=\"1920\" controls src=\"http:\/\/preenpail-saintjoseph.fr\/wp-content\/uploads\/Matinee-travaux-22-05-2021.mp4\"><\/video><\/figure>\n\n\n\n<p style=\"font-size:25px\">Samedi 17 octobre 2020, quelques familles se r\u00e9unissaient pour une matin\u00e9e travaux. T\u00e9moignage en photos et r\u00e9sum\u00e9 en texte !<\/p>\n\n\n\n<div class=\"wp-block-file\"><a id=\"wp-block-file--media-ba9d0540-47ac-45aa-bfda-52e70062f9c7\" href=\"https:\/\/preenpail-saintjoseph.fr\/index.php\/2020\/10\/27\/matinee-travaux-dautomne\/2020-10-27-matinee-travaux\/\" target=\"_blank\" rel=\"noreferrer noopener\">2020-10-27-matinee-travaux<\/a><a href=\"http:\/\/preenpail-saintjoseph.fr\/wp-content\/uploads\/2020-10-27-matinee-travaux.pdf\" class=\"wp-block-file__button wp-element-button\" download aria-describedby=\"wp-block-file--media-ba9d0540-47ac-45aa-bfda-52e70062f9c7\">T\u00e9l\u00e9charger<\/a><\/div>\n\n\n\n<figure class=\"wp-block-gallery has-nested-images columns-default is-cropped wp-block-gallery-1 is-layout-flex wp-block-gallery-is-layout-flex\">\n<figure class=\"wp-block-image size-large\"><a href=\"http:\/\/preenpail-saintjoseph.fr\/wp-content\/uploads\/20201017_113641.jpg\"><img loading=\"lazy\" decoding=\"async\" width=\"1024\" height=\"614\" data-id=\"1350\" src=\"https:\/\/preenpail-saintjoseph.fr\/wp-content\/uploads\/20201017_113641-1024x614.jpg\" alt=\"\" class=\"wp-image-1350\" srcset=\"https:\/\/preenpail-saintjoseph.fr\/wp-content\/uploads\/20201017_113641-1024x614.jpg 1024w, https:\/\/preenpail-saintjoseph.fr\/wp-content\/uploads\/20201017_113641-300x180.jpg 300w, https:\/\/preenpail-saintjoseph.fr\/wp-content\/uploads\/20201017_113641-768x461.jpg 768w, https:\/\/preenpail-saintjoseph.fr\/wp-content\/uploads\/20201017_113641-1536x922.jpg 1536w, https:\/\/preenpail-saintjoseph.fr\/wp-content\/uploads\/20201017_113641-2048x1229.jpg 2048w, https:\/\/preenpail-saintjoseph.fr\/wp-content\/uploads\/20201017_113641-1568x941.jpg 1568w\" sizes=\"auto, (max-width: 1024px) 100vw, 1024px\" \/><\/a><\/figure>\n\n\n\n<figure class=\"wp-block-image size-large\"><a href=\"http:\/\/preenpail-saintjoseph.fr\/wp-content\/uploads\/20201017_113707-rotated.jpg\"><img loading=\"lazy\" decoding=\"async\" width=\"614\" height=\"1024\" data-id=\"1351\" src=\"https:\/\/preenpail-saintjoseph.fr\/wp-content\/uploads\/20201017_113707-614x1024.jpg\" alt=\"\" class=\"wp-image-1351\" srcset=\"https:\/\/preenpail-saintjoseph.fr\/wp-content\/uploads\/20201017_113707-614x1024.jpg 614w, https:\/\/preenpail-saintjoseph.fr\/wp-content\/uploads\/20201017_113707-180x300.jpg 180w, https:\/\/preenpail-saintjoseph.fr\/wp-content\/uploads\/20201017_113707-768x1280.jpg 768w, https:\/\/preenpail-saintjoseph.fr\/wp-content\/uploads\/20201017_113707-922x1536.jpg 922w, https:\/\/preenpail-saintjoseph.fr\/wp-content\/uploads\/20201017_113707-1229x2048.jpg 1229w, https:\/\/preenpail-saintjoseph.fr\/wp-content\/uploads\/20201017_113707-rotated.jpg 1536w\" sizes=\"auto, (max-width: 614px) 100vw, 614px\" \/><\/a><\/figure>\n\n\n\n<figure class=\"wp-block-image size-large\"><a href=\"http:\/\/preenpail-saintjoseph.fr\/wp-content\/uploads\/20201017_113733.jpg\"><img loading=\"lazy\" decoding=\"async\" width=\"1024\" height=\"614\" data-id=\"1352\" src=\"https:\/\/preenpail-saintjoseph.fr\/wp-content\/uploads\/20201017_113733-1024x614.jpg\" alt=\"\" class=\"wp-image-1352\" srcset=\"https:\/\/preenpail-saintjoseph.fr\/wp-content\/uploads\/20201017_113733-1024x614.jpg 1024w, https:\/\/preenpail-saintjoseph.fr\/wp-content\/uploads\/20201017_113733-300x180.jpg 300w, https:\/\/preenpail-saintjoseph.fr\/wp-content\/uploads\/20201017_113733-768x461.jpg 768w, https:\/\/preenpail-saintjoseph.fr\/wp-content\/uploads\/20201017_113733-1536x922.jpg 1536w, https:\/\/preenpail-saintjoseph.fr\/wp-content\/uploads\/20201017_113733-2048x1229.jpg 2048w, https:\/\/preenpail-saintjoseph.fr\/wp-content\/uploads\/20201017_113733-1568x941.jpg 1568w\" sizes=\"auto, (max-width: 1024px) 100vw, 1024px\" \/><\/a><\/figure>\n\n\n\n<figure class=\"wp-block-image size-large\"><a href=\"http:\/\/preenpail-saintjoseph.fr\/wp-content\/uploads\/20201017_113818.jpg\"><img loading=\"lazy\" decoding=\"async\" width=\"1024\" height=\"614\" data-id=\"1353\" src=\"https:\/\/preenpail-saintjoseph.fr\/wp-content\/uploads\/20201017_113818-1024x614.jpg\" alt=\"\" class=\"wp-image-1353\" srcset=\"https:\/\/preenpail-saintjoseph.fr\/wp-content\/uploads\/20201017_113818-1024x614.jpg 1024w, https:\/\/preenpail-saintjoseph.fr\/wp-content\/uploads\/20201017_113818-300x180.jpg 300w, https:\/\/preenpail-saintjoseph.fr\/wp-content\/uploads\/20201017_113818-768x461.jpg 768w, https:\/\/preenpail-saintjoseph.fr\/wp-content\/uploads\/20201017_113818-1536x922.jpg 1536w, https:\/\/preenpail-saintjoseph.fr\/wp-content\/uploads\/20201017_113818-2048x1229.jpg 2048w, https:\/\/preenpail-saintjoseph.fr\/wp-content\/uploads\/20201017_113818-1568x941.jpg 1568w\" sizes=\"auto, (max-width: 1024px) 100vw, 1024px\" \/><\/a><\/figure>\n<figcaption class=\"blocks-gallery-caption wp-element-caption\"><strong>Des parents bien \u00e9quip\u00e9s pour une \u00e9cole rafraichie avant l&#8217;hiver !<\/strong><\/figcaption><\/figure>\n\n\n\n<p><\/p>\n","protected":false},"excerpt":{"rendered":"<p>Pour contacter l&#8217;OGEC : ogec.stjoseph.pepss53@gmail.com Qu&#8217;est-ce qu&#8217;un OGEC (Organisme de gestion de l&#8217;Enseignement catholique) ? Bo\u00eete aux lettres des associations OGEC et APEL Qui l&#8217;utilise ? Les familles qui d\u00e9posent directement leurs coupons retours. A quoi sert-elle ? A recueillir les coupons et retours \u00e0 destination des associations OGEC et APEL. Elle facilite le travail &hellip; <\/p>\n<p class=\"link-more\"><a href=\"https:\/\/preenpail-saintjoseph.fr\/index.php\/ogec\/\" class=\"more-link\">Continuer la lecture <span class=\"screen-reader-text\"> \u00ab\u00a0OGEC\u00a0\u00bb<\/span><\/a><\/p>\n","protected":false},"author":2,"featured_media":0,"parent":0,"menu_order":0,"comment_status":"closed","ping_status":"closed","template":"","meta":{"footnotes":""},"class_list":["post-231","page","type-page","status-publish","hentry","entry"],"_links":{"self":[{"href":"https:\/\/preenpail-saintjoseph.fr\/index.php\/wp-json\/wp\/v2\/pages\/231","targetHints":{"allow":["GET"]}}],"collection":[{"href":"https:\/\/preenpail-saintjoseph.fr\/index.php\/wp-json\/wp\/v2\/pages"}],"about":[{"href":"https:\/\/preenpail-saintjoseph.fr\/index.php\/wp-json\/wp\/v2\/types\/page"}],"author":[{"embeddable":true,"href":"https:\/\/preenpail-saintjoseph.fr\/index.php\/wp-json\/wp\/v2\/users\/2"}],"replies":[{"embeddable":true,"href":"https:\/\/preenpail-saintjoseph.fr\/index.php\/wp-json\/wp\/v2\/comments?post=231"}],"version-history":[{"count":22,"href":"https:\/\/preenpail-saintjoseph.fr\/index.php\/wp-json\/wp\/v2\/pages\/231\/revisions"}],"predecessor-version":[{"id":2890,"href":"https:\/\/preenpail-saintjoseph.fr\/index.php\/wp-json\/wp\/v2\/pages\/231\/revisions\/2890"}],"wp:attachment":[{"href":"https:\/\/preenpail-saintjoseph.fr\/index.php\/wp-json\/wp\/v2\/media?parent=231"}],"curies":[{"name":"wp","href":"https:\/\/api.w.org\/{rel}","templated":true}]}}