{"id":242,"date":"2017-02-15T10:52:26","date_gmt":"2017-02-15T09:52:26","guid":{"rendered":"http:\/\/preenpail-saintjoseph.fr\/?page_id=242"},"modified":"2023-06-05T14:55:47","modified_gmt":"2023-06-05T13:55:47","slug":"apel-2","status":"publish","type":"page","link":"https:\/\/preenpail-saintjoseph.fr\/index.php\/apel-2\/","title":{"rendered":"APEL"},"content":{"rendered":"\n<p>Pour contacter l&#8217;APEL : <a rel=\"noreferrer noopener\" href=\"mailto:ogec.stjoseph.pepss53@gmail.com\" target=\"_blank\">apel.stjoseph.pepss53@gmail.com<\/a><\/p>\n\n\n\n<p class=\"has-primary-color has-text-color has-normal-font-size\"><strong>Des actions de l&#8217;APEL pour enrichir les classes<\/strong><\/p>\n\n\n\n<figure class=\"wp-block-gallery has-nested-images columns-default is-cropped wp-block-gallery-1 is-layout-flex wp-block-gallery-is-layout-flex\">\n<figure class=\"wp-block-image size-large\"><a href=\"http:\/\/preenpail-saintjoseph.fr\/wp-content\/uploads\/351166307_664880408989139_8665021185294602878_n.jpg\"><img loading=\"lazy\" decoding=\"async\" width=\"768\" height=\"1024\" data-id=\"2867\" src=\"http:\/\/preenpail-saintjoseph.fr\/wp-content\/uploads\/351166307_664880408989139_8665021185294602878_n-768x1024.jpg\" alt=\"\" class=\"wp-image-2867\" srcset=\"https:\/\/preenpail-saintjoseph.fr\/wp-content\/uploads\/351166307_664880408989139_8665021185294602878_n-768x1024.jpg 768w, https:\/\/preenpail-saintjoseph.fr\/wp-content\/uploads\/351166307_664880408989139_8665021185294602878_n-225x300.jpg 225w, https:\/\/preenpail-saintjoseph.fr\/wp-content\/uploads\/351166307_664880408989139_8665021185294602878_n-1152x1536.jpg 1152w, https:\/\/preenpail-saintjoseph.fr\/wp-content\/uploads\/351166307_664880408989139_8665021185294602878_n.jpg 1536w\" sizes=\"auto, (max-width: 768px) 100vw, 768px\" \/><\/a><\/figure>\n\n\n\n<figure class=\"wp-block-image size-large\"><a href=\"http:\/\/preenpail-saintjoseph.fr\/wp-content\/uploads\/351201012_795986548764847_537418280464299788_n.jpg\"><img loading=\"lazy\" decoding=\"async\" width=\"720\" height=\"960\" data-id=\"2866\" src=\"http:\/\/preenpail-saintjoseph.fr\/wp-content\/uploads\/351201012_795986548764847_537418280464299788_n.jpg\" alt=\"\" class=\"wp-image-2866\" srcset=\"https:\/\/preenpail-saintjoseph.fr\/wp-content\/uploads\/351201012_795986548764847_537418280464299788_n.jpg 720w, https:\/\/preenpail-saintjoseph.fr\/wp-content\/uploads\/351201012_795986548764847_537418280464299788_n-225x300.jpg 225w\" sizes=\"auto, (max-width: 720px) 100vw, 720px\" \/><\/a><\/figure>\n<\/figure>\n\n\n\n<p>Une petite table adapt\u00e9e \u00e0 la pratique des jeux de soci\u00e9t\u00e9 pour la classe de maternelle et des poufs pour s&#8217;installer dans le coin biblioth\u00e8que de la classe CE2-CM.<\/p>\n\n\n\n<p class=\"has-primary-color has-text-color has-normal-font-size\"><strong>La boite aux lettres des associations OGEC et APEL<\/strong><\/p>\n\n\n\n<div class=\"wp-block-media-text alignwide is-stacked-on-mobile\"><figure class=\"wp-block-media-text__media\"><img loading=\"lazy\" decoding=\"async\" width=\"1024\" height=\"765\" src=\"http:\/\/preenpail-saintjoseph.fr\/wp-content\/uploads\/boite-aux-lettres-1-1024x765.jpg\" alt=\"\" class=\"wp-image-1939 size-full\" srcset=\"https:\/\/preenpail-saintjoseph.fr\/wp-content\/uploads\/boite-aux-lettres-1-1024x765.jpg 1024w, https:\/\/preenpail-saintjoseph.fr\/wp-content\/uploads\/boite-aux-lettres-1-300x224.jpg 300w, https:\/\/preenpail-saintjoseph.fr\/wp-content\/uploads\/boite-aux-lettres-1-768x574.jpg 768w, https:\/\/preenpail-saintjoseph.fr\/wp-content\/uploads\/boite-aux-lettres-1-1536x1148.jpg 1536w, https:\/\/preenpail-saintjoseph.fr\/wp-content\/uploads\/boite-aux-lettres-1-2048x1531.jpg 2048w, https:\/\/preenpail-saintjoseph.fr\/wp-content\/uploads\/boite-aux-lettres-1-1568x1172.jpg 1568w\" sizes=\"auto, (max-width: 1024px) 100vw, 1024px\" \/><\/figure><div class=\"wp-block-media-text__content\">\n<p class=\"has-normal-font-size\"><strong>Qui l&#8217;utilise ?<\/strong> Les familles qui d\u00e9posent directement leurs coupons retours.<\/p>\n\n\n\n<p><strong>A quoi sert-elle ? <\/strong>A recueillir les coupons et retours \u00e0 destination des associations OGEC et APEL. Elle facilite le travail des enseignants qui n&#8217;ont plus dans le cahier que les coupons et retours destin\u00e9s \u00e0 la vie scolaire.<\/p>\n\n\n\n<p><strong>Merci au petit menuisier de l&#8217;\u00e9cole et \u00e0 sa famille !<\/strong><\/p>\n<\/div><\/div>\n\n\n\n<p class=\"has-primary-color has-text-color has-large-font-size\" style=\"line-height:1.3\"><strong>Lundi 13 d\u00e9cembre 2021 : l&#8217;APEL distribue chocolats de No\u00ebl et pots \u00e0 cookies.<\/strong>  <\/p>\n\n\n<div class=\"wp-block-image\">\n<figure class=\"aligncenter size-large is-resized\"><a href=\"http:\/\/preenpail-saintjoseph.fr\/wp-content\/uploads\/20211213_165440-scaled.jpg\"><img loading=\"lazy\" decoding=\"async\" src=\"http:\/\/preenpail-saintjoseph.fr\/wp-content\/uploads\/20211213_165440-768x1024.jpg\" alt=\"\" class=\"wp-image-1790\" width=\"335\" height=\"446\" srcset=\"https:\/\/preenpail-saintjoseph.fr\/wp-content\/uploads\/20211213_165440-768x1024.jpg 768w, https:\/\/preenpail-saintjoseph.fr\/wp-content\/uploads\/20211213_165440-225x300.jpg 225w, https:\/\/preenpail-saintjoseph.fr\/wp-content\/uploads\/20211213_165440-1152x1536.jpg 1152w, https:\/\/preenpail-saintjoseph.fr\/wp-content\/uploads\/20211213_165440-1536x2048.jpg 1536w, https:\/\/preenpail-saintjoseph.fr\/wp-content\/uploads\/20211213_165440-1568x2091.jpg 1568w, https:\/\/preenpail-saintjoseph.fr\/wp-content\/uploads\/20211213_165440-scaled.jpg 1920w\" sizes=\"auto, (max-width: 335px) 100vw, 335px\" \/><\/a><\/figure>\n<\/div>\n\n<p><strong>La liste des gagnants de la tombola 2021<\/strong><\/p>\n<iframe src=\"\/\/docs.google.com\/viewer?url=http%3A%2F%2Fpreenpail-saintjoseph.fr%2Fwp-content%2Fuploads%2FListe-gagnants-2021-1.pdf&hl=fr&embedded=true\" class=\"gde-frame\" style=\"width:100%; height:500px; border: none;\" scrolling=\"no\"><\/iframe>\n<p class=\"gde-text\"><a href=\"http:\/\/preenpail-saintjoseph.fr\/wp-content\/uploads\/Liste-gagnants-2021-1.pdf\" class=\"gde-link\">T\u00e9l\u00e9charger (PDF, 234KB)<\/a><\/p>\n\n\n<div class=\"wp-block-media-text alignwide is-stacked-on-mobile\"><figure class=\"wp-block-media-text__media\"><img loading=\"lazy\" decoding=\"async\" width=\"1024\" height=\"498\" src=\"http:\/\/preenpail-saintjoseph.fr\/wp-content\/uploads\/20210611_175415-1024x498.jpg\" alt=\"\" class=\"wp-image-1465 size-full\" srcset=\"https:\/\/preenpail-saintjoseph.fr\/wp-content\/uploads\/20210611_175415-1024x498.jpg 1024w, https:\/\/preenpail-saintjoseph.fr\/wp-content\/uploads\/20210611_175415-300x146.jpg 300w, https:\/\/preenpail-saintjoseph.fr\/wp-content\/uploads\/20210611_175415-768x373.jpg 768w, https:\/\/preenpail-saintjoseph.fr\/wp-content\/uploads\/20210611_175415-1536x747.jpg 1536w, https:\/\/preenpail-saintjoseph.fr\/wp-content\/uploads\/20210611_175415-2048x996.jpg 2048w, https:\/\/preenpail-saintjoseph.fr\/wp-content\/uploads\/20210611_175415-1568x762.jpg 1568w\" sizes=\"auto, (max-width: 1024px) 100vw, 1024px\" \/><\/figure><div class=\"wp-block-media-text__content\">\n<p style=\"font-size:27px\">Tirage au sort de la tombola de l&#8217;APEL le samedi 3 juillet \u00e0 17 heures.<\/p>\n\n\n\n<p>Tombola 100% locale !<\/p>\n<\/div><\/div>\n\n\n<iframe src=\"\/\/docs.google.com\/viewer?url=http%3A%2F%2Fpreenpail-saintjoseph.fr%2Fwp-content%2Fuploads%2Fmot-pr%C3%A9sidente-apel.pdf&hl=fr&embedded=true\" class=\"gde-frame\" style=\"width:100%; height:500px; border: none;\" scrolling=\"no\"><\/iframe>\n<p class=\"gde-text\"><a href=\"http:\/\/preenpail-saintjoseph.fr\/wp-content\/uploads\/mot-pr\u00e9sidente-apel.pdf\" class=\"gde-link\">T\u00e9l\u00e9charger (PDF, 24KB)<\/a><\/p>\n<p><\/p>","protected":false},"excerpt":{"rendered":"<p>Pour contacter l&#8217;APEL : apel.stjoseph.pepss53@gmail.com Des actions de l&#8217;APEL pour enrichir les classes Une petite table adapt\u00e9e \u00e0 la pratique des jeux de soci\u00e9t\u00e9 pour la classe de maternelle et des poufs pour s&#8217;installer dans le coin biblioth\u00e8que de la classe CE2-CM. La boite aux lettres des associations OGEC et APEL Qui l&#8217;utilise ? Les &hellip; <\/p>\n<p class=\"link-more\"><a href=\"https:\/\/preenpail-saintjoseph.fr\/index.php\/apel-2\/\" class=\"more-link\">Continuer la lecture <span class=\"screen-reader-text\"> \u00ab\u00a0APEL\u00a0\u00bb<\/span><\/a><\/p>\n","protected":false},"author":2,"featured_media":0,"parent":0,"menu_order":0,"comment_status":"closed","ping_status":"closed","template":"","meta":{"footnotes":""},"class_list":["post-242","page","type-page","status-publish","hentry","entry"],"_links":{"self":[{"href":"https:\/\/preenpail-saintjoseph.fr\/index.php\/wp-json\/wp\/v2\/pages\/242","targetHints":{"allow":["GET"]}}],"collection":[{"href":"https:\/\/preenpail-saintjoseph.fr\/index.php\/wp-json\/wp\/v2\/pages"}],"about":[{"href":"https:\/\/preenpail-saintjoseph.fr\/index.php\/wp-json\/wp\/v2\/types\/page"}],"author":[{"embeddable":true,"href":"https:\/\/preenpail-saintjoseph.fr\/index.php\/wp-json\/wp\/v2\/users\/2"}],"replies":[{"embeddable":true,"href":"https:\/\/preenpail-saintjoseph.fr\/index.php\/wp-json\/wp\/v2\/comments?post=242"}],"version-history":[{"count":32,"href":"https:\/\/preenpail-saintjoseph.fr\/index.php\/wp-json\/wp\/v2\/pages\/242\/revisions"}],"predecessor-version":[{"id":2869,"href":"https:\/\/preenpail-saintjoseph.fr\/index.php\/wp-json\/wp\/v2\/pages\/242\/revisions\/2869"}],"wp:attachment":[{"href":"https:\/\/preenpail-saintjoseph.fr\/index.php\/wp-json\/wp\/v2\/media?parent=242"}],"curies":[{"name":"wp","href":"https:\/\/api.w.org\/{rel}","templated":true}]}}