{"id":319,"date":"2017-03-10T13:26:19","date_gmt":"2017-03-10T12:26:19","guid":{"rendered":"http:\/\/preenpail-saintjoseph.fr\/?page_id=319"},"modified":"2023-06-06T13:47:55","modified_gmt":"2023-06-06T12:47:55","slug":"pastorale","status":"publish","type":"page","link":"https:\/\/preenpail-saintjoseph.fr\/index.php\/pastorale\/","title":{"rendered":"Pastorale"},"content":{"rendered":"\n<figure class=\"wp-block-video\"><video height=\"480\" style=\"aspect-ratio: 640 \/ 480;\" width=\"640\" controls src=\"http:\/\/preenpail-saintjoseph.fr\/wp-content\/uploads\/20221007_134930-1.mp4\"><\/video><figcaption class=\"wp-element-caption\">D\u00e9couverte de l&#8217;\u00e9glise le vendredi 7 octobre 2022<\/figcaption><\/figure>\n\n\n\n<figure class=\"wp-block-video\"><video height=\"480\" style=\"aspect-ratio: 640 \/ 480;\" width=\"640\" controls src=\"http:\/\/preenpail-saintjoseph.fr\/wp-content\/uploads\/20221007_142208.mp4\"><\/video><figcaption class=\"wp-element-caption\">Reprise du chant &#8220;Dieu cr\u00e9ateur&#8221;<\/figcaption><\/figure>\n\n\n\n<p class=\"has-primary-color has-text-color has-large-font-size\"><strong>C\u00e9l\u00e9bration de P\u00e2ques 202<\/strong>2<\/p>\n\n\n\n<figure class=\"wp-block-gallery has-nested-images columns-default is-cropped wp-block-gallery-1 is-layout-flex wp-block-gallery-is-layout-flex\">\n<figure class=\"wp-block-image size-large\"><a href=\"https:\/\/preenpail-saintjoseph.fr\/wp-content\/uploads\/20220408_110629-scaled.jpg\"><img loading=\"lazy\" decoding=\"async\" width=\"1024\" height=\"768\" data-id=\"1923\" src=\"https:\/\/preenpail-saintjoseph.fr\/wp-content\/uploads\/20220408_110629-1024x768.jpg\" alt=\"\" class=\"wp-image-1923\" srcset=\"https:\/\/preenpail-saintjoseph.fr\/wp-content\/uploads\/20220408_110629-1024x768.jpg 1024w, https:\/\/preenpail-saintjoseph.fr\/wp-content\/uploads\/20220408_110629-300x225.jpg 300w, https:\/\/preenpail-saintjoseph.fr\/wp-content\/uploads\/20220408_110629-768x576.jpg 768w, https:\/\/preenpail-saintjoseph.fr\/wp-content\/uploads\/20220408_110629-1536x1152.jpg 1536w, https:\/\/preenpail-saintjoseph.fr\/wp-content\/uploads\/20220408_110629-2048x1536.jpg 2048w, https:\/\/preenpail-saintjoseph.fr\/wp-content\/uploads\/20220408_110629-1568x1176.jpg 1568w\" sizes=\"auto, (max-width: 1024px) 100vw, 1024px\" \/><\/a><\/figure>\n\n\n\n<figure class=\"wp-block-image size-large\"><a href=\"https:\/\/preenpail-saintjoseph.fr\/wp-content\/uploads\/20220408_110701-1-scaled.jpg\"><img loading=\"lazy\" decoding=\"async\" width=\"1024\" height=\"768\" data-id=\"1925\" src=\"https:\/\/preenpail-saintjoseph.fr\/wp-content\/uploads\/20220408_110701-1-1024x768.jpg\" alt=\"\" class=\"wp-image-1925\" srcset=\"https:\/\/preenpail-saintjoseph.fr\/wp-content\/uploads\/20220408_110701-1-1024x768.jpg 1024w, https:\/\/preenpail-saintjoseph.fr\/wp-content\/uploads\/20220408_110701-1-300x225.jpg 300w, https:\/\/preenpail-saintjoseph.fr\/wp-content\/uploads\/20220408_110701-1-768x576.jpg 768w, https:\/\/preenpail-saintjoseph.fr\/wp-content\/uploads\/20220408_110701-1-1536x1152.jpg 1536w, https:\/\/preenpail-saintjoseph.fr\/wp-content\/uploads\/20220408_110701-1-2048x1536.jpg 2048w, https:\/\/preenpail-saintjoseph.fr\/wp-content\/uploads\/20220408_110701-1-1568x1176.jpg 1568w\" sizes=\"auto, (max-width: 1024px) 100vw, 1024px\" \/><\/a><\/figure>\n\n\n\n<figure class=\"wp-block-image size-large\"><a href=\"https:\/\/preenpail-saintjoseph.fr\/wp-content\/uploads\/20220408_110831-1-scaled.jpg\"><img loading=\"lazy\" decoding=\"async\" width=\"768\" height=\"1024\" data-id=\"1926\" src=\"https:\/\/preenpail-saintjoseph.fr\/wp-content\/uploads\/20220408_110831-1-768x1024.jpg\" alt=\"\" class=\"wp-image-1926\" srcset=\"https:\/\/preenpail-saintjoseph.fr\/wp-content\/uploads\/20220408_110831-1-768x1024.jpg 768w, https:\/\/preenpail-saintjoseph.fr\/wp-content\/uploads\/20220408_110831-1-225x300.jpg 225w, https:\/\/preenpail-saintjoseph.fr\/wp-content\/uploads\/20220408_110831-1-1152x1536.jpg 1152w, https:\/\/preenpail-saintjoseph.fr\/wp-content\/uploads\/20220408_110831-1-1536x2048.jpg 1536w, https:\/\/preenpail-saintjoseph.fr\/wp-content\/uploads\/20220408_110831-1-1568x2091.jpg 1568w, https:\/\/preenpail-saintjoseph.fr\/wp-content\/uploads\/20220408_110831-1-scaled.jpg 1920w\" sizes=\"auto, (max-width: 768px) 100vw, 768px\" \/><\/a><\/figure>\n\n\n\n<figure class=\"wp-block-image size-large\"><a href=\"https:\/\/preenpail-saintjoseph.fr\/wp-content\/uploads\/20220408_110931-scaled.jpg\"><img loading=\"lazy\" decoding=\"async\" width=\"768\" height=\"1024\" data-id=\"1919\" src=\"https:\/\/preenpail-saintjoseph.fr\/wp-content\/uploads\/20220408_110931-768x1024.jpg\" alt=\"\" class=\"wp-image-1919\" srcset=\"https:\/\/preenpail-saintjoseph.fr\/wp-content\/uploads\/20220408_110931-768x1024.jpg 768w, https:\/\/preenpail-saintjoseph.fr\/wp-content\/uploads\/20220408_110931-225x300.jpg 225w, https:\/\/preenpail-saintjoseph.fr\/wp-content\/uploads\/20220408_110931-1152x1536.jpg 1152w, https:\/\/preenpail-saintjoseph.fr\/wp-content\/uploads\/20220408_110931-1536x2048.jpg 1536w, https:\/\/preenpail-saintjoseph.fr\/wp-content\/uploads\/20220408_110931-1568x2091.jpg 1568w, https:\/\/preenpail-saintjoseph.fr\/wp-content\/uploads\/20220408_110931-scaled.jpg 1920w\" sizes=\"auto, (max-width: 768px) 100vw, 768px\" \/><\/a><\/figure>\n\n\n\n<figure class=\"wp-block-image size-large\"><a href=\"https:\/\/preenpail-saintjoseph.fr\/wp-content\/uploads\/20220408_111615-1-scaled.jpg\"><img loading=\"lazy\" decoding=\"async\" width=\"768\" height=\"1024\" data-id=\"1927\" src=\"https:\/\/preenpail-saintjoseph.fr\/wp-content\/uploads\/20220408_111615-1-768x1024.jpg\" alt=\"\" class=\"wp-image-1927\" srcset=\"https:\/\/preenpail-saintjoseph.fr\/wp-content\/uploads\/20220408_111615-1-768x1024.jpg 768w, https:\/\/preenpail-saintjoseph.fr\/wp-content\/uploads\/20220408_111615-1-225x300.jpg 225w, https:\/\/preenpail-saintjoseph.fr\/wp-content\/uploads\/20220408_111615-1-1152x1536.jpg 1152w, https:\/\/preenpail-saintjoseph.fr\/wp-content\/uploads\/20220408_111615-1-1536x2048.jpg 1536w, https:\/\/preenpail-saintjoseph.fr\/wp-content\/uploads\/20220408_111615-1-1568x2091.jpg 1568w, https:\/\/preenpail-saintjoseph.fr\/wp-content\/uploads\/20220408_111615-1-scaled.jpg 1920w\" sizes=\"auto, (max-width: 768px) 100vw, 768px\" \/><\/a><\/figure>\n\n\n\n<figure class=\"wp-block-image size-large\"><a href=\"https:\/\/preenpail-saintjoseph.fr\/wp-content\/uploads\/20220408_111746-scaled.jpg\"><img loading=\"lazy\" decoding=\"async\" width=\"768\" height=\"1024\" data-id=\"1922\" src=\"https:\/\/preenpail-saintjoseph.fr\/wp-content\/uploads\/20220408_111746-768x1024.jpg\" alt=\"\" class=\"wp-image-1922\" srcset=\"https:\/\/preenpail-saintjoseph.fr\/wp-content\/uploads\/20220408_111746-768x1024.jpg 768w, https:\/\/preenpail-saintjoseph.fr\/wp-content\/uploads\/20220408_111746-225x300.jpg 225w, https:\/\/preenpail-saintjoseph.fr\/wp-content\/uploads\/20220408_111746-1152x1536.jpg 1152w, https:\/\/preenpail-saintjoseph.fr\/wp-content\/uploads\/20220408_111746-1536x2048.jpg 1536w, https:\/\/preenpail-saintjoseph.fr\/wp-content\/uploads\/20220408_111746-1568x2091.jpg 1568w, https:\/\/preenpail-saintjoseph.fr\/wp-content\/uploads\/20220408_111746-scaled.jpg 1920w\" sizes=\"auto, (max-width: 768px) 100vw, 768px\" \/><\/a><\/figure>\n<figcaption class=\"blocks-gallery-caption wp-element-caption\">Une c\u00e9l\u00e9bration plac\u00e9e sous le signe de l&#8217;appel. Merci aux CM qui ont pr\u00e9par\u00e9 et anim\u00e9 cette c\u00e9l\u00e9bration&#8230;<\/figcaption><\/figure>\n\n\n\n<p class=\"has-primary-color has-text-color has-large-font-size\"><strong>C\u00e9l\u00e9bration de No\u00ebl 2021<\/strong><\/p>\n\n\n\n<figure class=\"wp-block-gallery has-nested-images columns-default is-cropped wp-block-gallery-2 is-layout-flex wp-block-gallery-is-layout-flex\">\n<figure class=\"wp-block-image size-large\"><a href=\"http:\/\/preenpail-saintjoseph.fr\/wp-content\/uploads\/20211216_121317-1-scaled.jpg\"><img loading=\"lazy\" decoding=\"async\" width=\"1024\" height=\"768\" data-id=\"1796\" src=\"http:\/\/preenpail-saintjoseph.fr\/wp-content\/uploads\/20211216_121317-1-1024x768.jpg\" alt=\"\" class=\"wp-image-1796\" srcset=\"https:\/\/preenpail-saintjoseph.fr\/wp-content\/uploads\/20211216_121317-1-1024x768.jpg 1024w, https:\/\/preenpail-saintjoseph.fr\/wp-content\/uploads\/20211216_121317-1-300x225.jpg 300w, https:\/\/preenpail-saintjoseph.fr\/wp-content\/uploads\/20211216_121317-1-768x576.jpg 768w, https:\/\/preenpail-saintjoseph.fr\/wp-content\/uploads\/20211216_121317-1-1536x1152.jpg 1536w, https:\/\/preenpail-saintjoseph.fr\/wp-content\/uploads\/20211216_121317-1-2048x1536.jpg 2048w, https:\/\/preenpail-saintjoseph.fr\/wp-content\/uploads\/20211216_121317-1-1568x1176.jpg 1568w\" sizes=\"auto, (max-width: 1024px) 100vw, 1024px\" \/><\/a><\/figure>\n\n\n\n<figure class=\"wp-block-image size-large\"><a href=\"http:\/\/preenpail-saintjoseph.fr\/wp-content\/uploads\/20211217_112634-scaled.jpg\"><img loading=\"lazy\" decoding=\"async\" width=\"768\" height=\"1024\" data-id=\"1797\" src=\"http:\/\/preenpail-saintjoseph.fr\/wp-content\/uploads\/20211217_112634-768x1024.jpg\" alt=\"\" class=\"wp-image-1797\" srcset=\"https:\/\/preenpail-saintjoseph.fr\/wp-content\/uploads\/20211217_112634-768x1024.jpg 768w, https:\/\/preenpail-saintjoseph.fr\/wp-content\/uploads\/20211217_112634-225x300.jpg 225w, https:\/\/preenpail-saintjoseph.fr\/wp-content\/uploads\/20211217_112634-1152x1536.jpg 1152w, https:\/\/preenpail-saintjoseph.fr\/wp-content\/uploads\/20211217_112634-1536x2048.jpg 1536w, https:\/\/preenpail-saintjoseph.fr\/wp-content\/uploads\/20211217_112634-1568x2091.jpg 1568w, https:\/\/preenpail-saintjoseph.fr\/wp-content\/uploads\/20211217_112634-scaled.jpg 1920w\" sizes=\"auto, (max-width: 768px) 100vw, 768px\" \/><\/a><\/figure>\n\n\n\n<figure class=\"wp-block-image size-large\"><a href=\"http:\/\/preenpail-saintjoseph.fr\/wp-content\/uploads\/20211217_113254-scaled.jpg\"><img loading=\"lazy\" decoding=\"async\" width=\"1024\" height=\"768\" data-id=\"1798\" src=\"http:\/\/preenpail-saintjoseph.fr\/wp-content\/uploads\/20211217_113254-1024x768.jpg\" alt=\"\" class=\"wp-image-1798\" srcset=\"https:\/\/preenpail-saintjoseph.fr\/wp-content\/uploads\/20211217_113254-1024x768.jpg 1024w, https:\/\/preenpail-saintjoseph.fr\/wp-content\/uploads\/20211217_113254-300x225.jpg 300w, https:\/\/preenpail-saintjoseph.fr\/wp-content\/uploads\/20211217_113254-768x576.jpg 768w, https:\/\/preenpail-saintjoseph.fr\/wp-content\/uploads\/20211217_113254-1536x1152.jpg 1536w, https:\/\/preenpail-saintjoseph.fr\/wp-content\/uploads\/20211217_113254-2048x1536.jpg 2048w, https:\/\/preenpail-saintjoseph.fr\/wp-content\/uploads\/20211217_113254-1568x1176.jpg 1568w\" sizes=\"auto, (max-width: 1024px) 100vw, 1024px\" \/><\/a><\/figure>\n\n\n\n<figure class=\"wp-block-image size-large\"><a href=\"http:\/\/preenpail-saintjoseph.fr\/wp-content\/uploads\/20211217_113426-scaled.jpg\"><img loading=\"lazy\" decoding=\"async\" width=\"768\" height=\"1024\" data-id=\"1799\" src=\"http:\/\/preenpail-saintjoseph.fr\/wp-content\/uploads\/20211217_113426-768x1024.jpg\" alt=\"\" class=\"wp-image-1799\" srcset=\"https:\/\/preenpail-saintjoseph.fr\/wp-content\/uploads\/20211217_113426-768x1024.jpg 768w, https:\/\/preenpail-saintjoseph.fr\/wp-content\/uploads\/20211217_113426-225x300.jpg 225w, https:\/\/preenpail-saintjoseph.fr\/wp-content\/uploads\/20211217_113426-1152x1536.jpg 1152w, https:\/\/preenpail-saintjoseph.fr\/wp-content\/uploads\/20211217_113426-1536x2048.jpg 1536w, https:\/\/preenpail-saintjoseph.fr\/wp-content\/uploads\/20211217_113426-1568x2091.jpg 1568w, https:\/\/preenpail-saintjoseph.fr\/wp-content\/uploads\/20211217_113426-scaled.jpg 1920w\" sizes=\"auto, (max-width: 768px) 100vw, 768px\" \/><\/a><\/figure>\n\n\n\n<figure class=\"wp-block-image size-large\"><a href=\"http:\/\/preenpail-saintjoseph.fr\/wp-content\/uploads\/20211217_113552-scaled.jpg\"><img loading=\"lazy\" decoding=\"async\" width=\"768\" height=\"1024\" data-id=\"1800\" src=\"http:\/\/preenpail-saintjoseph.fr\/wp-content\/uploads\/20211217_113552-768x1024.jpg\" alt=\"\" class=\"wp-image-1800\" srcset=\"https:\/\/preenpail-saintjoseph.fr\/wp-content\/uploads\/20211217_113552-768x1024.jpg 768w, https:\/\/preenpail-saintjoseph.fr\/wp-content\/uploads\/20211217_113552-225x300.jpg 225w, https:\/\/preenpail-saintjoseph.fr\/wp-content\/uploads\/20211217_113552-1152x1536.jpg 1152w, https:\/\/preenpail-saintjoseph.fr\/wp-content\/uploads\/20211217_113552-1536x2048.jpg 1536w, https:\/\/preenpail-saintjoseph.fr\/wp-content\/uploads\/20211217_113552-1568x2091.jpg 1568w, https:\/\/preenpail-saintjoseph.fr\/wp-content\/uploads\/20211217_113552-scaled.jpg 1920w\" sizes=\"auto, (max-width: 768px) 100vw, 768px\" \/><\/a><\/figure>\n\n\n\n<figure class=\"wp-block-image size-large\"><a href=\"http:\/\/preenpail-saintjoseph.fr\/wp-content\/uploads\/20211217_113637-scaled.jpg\"><img loading=\"lazy\" decoding=\"async\" width=\"1024\" height=\"768\" data-id=\"1801\" src=\"http:\/\/preenpail-saintjoseph.fr\/wp-content\/uploads\/20211217_113637-1024x768.jpg\" alt=\"\" class=\"wp-image-1801\" srcset=\"https:\/\/preenpail-saintjoseph.fr\/wp-content\/uploads\/20211217_113637-1024x768.jpg 1024w, https:\/\/preenpail-saintjoseph.fr\/wp-content\/uploads\/20211217_113637-300x225.jpg 300w, https:\/\/preenpail-saintjoseph.fr\/wp-content\/uploads\/20211217_113637-768x576.jpg 768w, https:\/\/preenpail-saintjoseph.fr\/wp-content\/uploads\/20211217_113637-1536x1152.jpg 1536w, https:\/\/preenpail-saintjoseph.fr\/wp-content\/uploads\/20211217_113637-2048x1536.jpg 2048w, https:\/\/preenpail-saintjoseph.fr\/wp-content\/uploads\/20211217_113637-1568x1176.jpg 1568w\" sizes=\"auto, (max-width: 1024px) 100vw, 1024px\" \/><\/a><\/figure>\n<figcaption class=\"blocks-gallery-caption wp-element-caption\">Nous \u00e9crivons aux personnes de la maison de retraite de Pr\u00e9 en Pail Saint Samson, nous c\u00e9l\u00e9brons No\u00ebl.<\/figcaption><\/figure>\n\n\n\n<figure class=\"wp-block-gallery has-nested-images columns-default is-cropped wp-block-gallery-3 is-layout-flex wp-block-gallery-is-layout-flex\">\n<figure class=\"wp-block-image size-large\"><a href=\"http:\/\/preenpail-saintjoseph.fr\/wp-content\/uploads\/F256_KTE-17-nathanael-marie-carnet-kt-enfant_0001-1.png\"><img loading=\"lazy\" decoding=\"async\" width=\"256\" height=\"256\" data-id=\"1478\" src=\"https:\/\/preenpail-saintjoseph.fr\/wp-content\/uploads\/F256_KTE-17-nathanael-marie-carnet-kt-enfant_0001-1.png\" alt=\"\" class=\"wp-image-1478\" srcset=\"https:\/\/preenpail-saintjoseph.fr\/wp-content\/uploads\/F256_KTE-17-nathanael-marie-carnet-kt-enfant_0001-1.png 256w, https:\/\/preenpail-saintjoseph.fr\/wp-content\/uploads\/F256_KTE-17-nathanael-marie-carnet-kt-enfant_0001-1-150x150.png 150w\" sizes=\"auto, (max-width: 256px) 100vw, 256px\" \/><\/a><\/figure>\n\n\n\n<figure class=\"wp-block-image size-large\"><a href=\"http:\/\/preenpail-saintjoseph.fr\/wp-content\/uploads\/Resized_20210618_143316-1.jpg\"><img loading=\"lazy\" decoding=\"async\" width=\"960\" height=\"720\" data-id=\"1479\" src=\"https:\/\/preenpail-saintjoseph.fr\/wp-content\/uploads\/Resized_20210618_143316-1.jpg\" alt=\"\" class=\"wp-image-1479\" srcset=\"https:\/\/preenpail-saintjoseph.fr\/wp-content\/uploads\/Resized_20210618_143316-1.jpg 960w, https:\/\/preenpail-saintjoseph.fr\/wp-content\/uploads\/Resized_20210618_143316-1-300x225.jpg 300w, https:\/\/preenpail-saintjoseph.fr\/wp-content\/uploads\/Resized_20210618_143316-1-768x576.jpg 768w\" sizes=\"auto, (max-width: 960px) 100vw, 960px\" \/><\/a><\/figure>\n\n\n\n<figure class=\"wp-block-image size-large\"><a href=\"http:\/\/preenpail-saintjoseph.fr\/wp-content\/uploads\/Resized_20210618_143324-1.jpg\"><img loading=\"lazy\" decoding=\"async\" width=\"524\" height=\"699\" data-id=\"1480\" src=\"https:\/\/preenpail-saintjoseph.fr\/wp-content\/uploads\/Resized_20210618_143324-1.jpg\" alt=\"\" class=\"wp-image-1480\" srcset=\"https:\/\/preenpail-saintjoseph.fr\/wp-content\/uploads\/Resized_20210618_143324-1.jpg 524w, https:\/\/preenpail-saintjoseph.fr\/wp-content\/uploads\/Resized_20210618_143324-1-225x300.jpg 225w\" sizes=\"auto, (max-width: 524px) 100vw, 524px\" \/><\/a><\/figure>\n\n\n\n<figure class=\"wp-block-image size-large\"><a href=\"http:\/\/preenpail-saintjoseph.fr\/wp-content\/uploads\/Resized_20210618_143334-2.jpg\"><img loading=\"lazy\" decoding=\"async\" width=\"720\" height=\"960\" data-id=\"1481\" src=\"https:\/\/preenpail-saintjoseph.fr\/wp-content\/uploads\/Resized_20210618_143334-2.jpg\" alt=\"\" class=\"wp-image-1481\" srcset=\"https:\/\/preenpail-saintjoseph.fr\/wp-content\/uploads\/Resized_20210618_143334-2.jpg 720w, https:\/\/preenpail-saintjoseph.fr\/wp-content\/uploads\/Resized_20210618_143334-2-225x300.jpg 225w\" sizes=\"auto, (max-width: 720px) 100vw, 720px\" \/><\/a><\/figure>\n<figcaption class=\"blocks-gallery-caption wp-element-caption\">Vendredi 18 juin, les enfants de GS, CP et CE se sont regroup\u00e9s sous le pr\u00e9au pour reprendre les chants de cat\u00e9ch\u00e8se qui nous ont accompagn\u00e9s tout au long de l&#8217;ann\u00e9e. Pendant ce temps, les CM terminaient le parcours cat\u00e9ch\u00e9tique sur &#8220;Marie&#8221;.<\/figcaption><\/figure>\n\n\n\n<p>A chaque p\u00e9riode de l&#8217;ann\u00e9e, les enfants de la grande section au CP vivent un temps de cat\u00e9ch\u00e8se dans leurs classes. Les adultes qui les accompagnent sont les enseignants qui changent de groupe pour ce temps d\u00e9di\u00e9. Le vendredi, pendant 1 heure, les trois groupes suivent le parcours des Nathana\u00ebl avant de se retrouver et de partager tous ensemble. <\/p>\n\n\n\n<p>Trois temps forts : les c\u00e9l\u00e9brations de No\u00ebl, P\u00e2ques et kermesse.<\/p>\n\n\n\n<div class=\"wp-block-columns is-layout-flex wp-container-core-columns-is-layout-9d6595d7 wp-block-columns-is-layout-flex\">\n<div class=\"wp-block-column is-layout-flow wp-block-column-is-layout-flow\" style=\"flex-basis:100%\">\n<div class=\"wp-block-file\"><a id=\"wp-block-file--media-e34b8275-3c90-4e7f-9bcf-f08cca9b12d5\" href=\"http:\/\/preenpail-saintjoseph.fr\/wp-content\/uploads\/PROJET-PASTORAL-1-8.pdf\">PROJET-PASTORAL-1-8<\/a><a href=\"http:\/\/preenpail-saintjoseph.fr\/wp-content\/uploads\/PROJET-PASTORAL-1-8.pdf\" class=\"wp-block-file__button wp-element-button\" download aria-describedby=\"wp-block-file--media-e34b8275-3c90-4e7f-9bcf-f08cca9b12d5\">T\u00e9l\u00e9charger<\/a><\/div>\n<\/div>\n<\/div>\n","protected":false},"excerpt":{"rendered":"<p>C\u00e9l\u00e9bration de P\u00e2ques 2022 C\u00e9l\u00e9bration de No\u00ebl 2021 A chaque p\u00e9riode de l&#8217;ann\u00e9e, les enfants de la grande section au CP vivent un temps de cat\u00e9ch\u00e8se dans leurs classes. Les adultes qui les accompagnent sont les enseignants qui changent de groupe pour ce temps d\u00e9di\u00e9. Le vendredi, pendant 1 heure, les trois groupes suivent le &hellip; <\/p>\n<p class=\"link-more\"><a href=\"https:\/\/preenpail-saintjoseph.fr\/index.php\/pastorale\/\" class=\"more-link\">Continuer la lecture <span class=\"screen-reader-text\"> \u00ab\u00a0Pastorale\u00a0\u00bb<\/span><\/a><\/p>\n","protected":false},"author":2,"featured_media":0,"parent":0,"menu_order":0,"comment_status":"closed","ping_status":"closed","template":"","meta":{"footnotes":""},"class_list":["post-319","page","type-page","status-publish","hentry","entry"],"_links":{"self":[{"href":"https:\/\/preenpail-saintjoseph.fr\/index.php\/wp-json\/wp\/v2\/pages\/319","targetHints":{"allow":["GET"]}}],"collection":[{"href":"https:\/\/preenpail-saintjoseph.fr\/index.php\/wp-json\/wp\/v2\/pages"}],"about":[{"href":"https:\/\/preenpail-saintjoseph.fr\/index.php\/wp-json\/wp\/v2\/types\/page"}],"author":[{"embeddable":true,"href":"https:\/\/preenpail-saintjoseph.fr\/index.php\/wp-json\/wp\/v2\/users\/2"}],"replies":[{"embeddable":true,"href":"https:\/\/preenpail-saintjoseph.fr\/index.php\/wp-json\/wp\/v2\/comments?post=319"}],"version-history":[{"count":16,"href":"https:\/\/preenpail-saintjoseph.fr\/index.php\/wp-json\/wp\/v2\/pages\/319\/revisions"}],"predecessor-version":[{"id":2870,"href":"https:\/\/preenpail-saintjoseph.fr\/index.php\/wp-json\/wp\/v2\/pages\/319\/revisions\/2870"}],"wp:attachment":[{"href":"https:\/\/preenpail-saintjoseph.fr\/index.php\/wp-json\/wp\/v2\/media?parent=319"}],"curies":[{"name":"wp","href":"https:\/\/api.w.org\/{rel}","templated":true}]}}